{"id":34735,"date":"2025-11-25T23:00:27","date_gmt":"2025-11-25T22:00:27","guid":{"rendered":"https:\/\/www.hirtenberg-apotheke.at\/katalog\/produkt\/muskel-und-gelenk-salbe-parabenfrei-75-ml\/"},"modified":"2025-11-25T23:00:33","modified_gmt":"2025-11-25T22:00:33","slug":"muskel-und-gelenk-salbe-parabenfrei-75-ml","status":"publish","type":"product","link":"https:\/\/www.hirtenberg-apotheke.at\/katalog\/produkt\/muskel-und-gelenk-salbe-parabenfrei-75-ml\/","title":{"rendered":"Muskel- und Gelenk-Salbe parabenfrei 75 ml"},"content":{"rendered":"<p>Eingebettet in eine hautpflegende Salbengrundlage unterst\u00fctzen die Substanzen Rosmarin-, Thymian- und Wintergr\u00fcn\u00f6l die Massage bei Muskelkater und \u00dcberbelastungen des Bewegungsapparates. Durch die Massage werden Muskeln und Gelenke gelockert, erw\u00e4rmt und entspannt..<\/p>\n","protected":false},"excerpt":{"rendered":"<p>Eingebettet in eine hautpflegende Salbengrundlage unterst\u00fctzen die Substanzen Rosmarin-, Thymian- und Wintergr\u00fcn\u00f6l die Massage bei Muskelkater und \u00dcberbelastungen des Bewegungsapparates. Durch die Massage werden Muskeln und Gelenke gelockert, erw\u00e4rmt und entspannt..<\/p>\n","protected":false},"featured_media":0,"template":"","meta":{"_acf_changed":false},"product_brand":[],"product_cat":[308],"product_tag":[],"class_list":{"0":"post-34735","1":"product","2":"type-product","3":"status-publish","5":"product_cat-m","6":"pa_packungsgroesse-75ml","8":"first","9":"instock","10":"shipping-taxable","11":"purchasable","12":"product-type-simple"},"acf":[],"_links":{"self":[{"href":"https:\/\/www.hirtenberg-apotheke.at\/katalog\/wp-json\/wp\/v2\/product\/34735","targetHints":{"allow":["GET"]}}],"collection":[{"href":"https:\/\/www.hirtenberg-apotheke.at\/katalog\/wp-json\/wp\/v2\/product"}],"about":[{"href":"https:\/\/www.hirtenberg-apotheke.at\/katalog\/wp-json\/wp\/v2\/types\/product"}],"wp:attachment":[{"href":"https:\/\/www.hirtenberg-apotheke.at\/katalog\/wp-json\/wp\/v2\/media?parent=34735"}],"wp:term":[{"taxonomy":"product_brand","embeddable":true,"href":"https:\/\/www.hirtenberg-apotheke.at\/katalog\/wp-json\/wp\/v2\/product_brand?post=34735"},{"taxonomy":"product_cat","embeddable":true,"href":"https:\/\/www.hirtenberg-apotheke.at\/katalog\/wp-json\/wp\/v2\/product_cat?post=34735"},{"taxonomy":"product_tag","embeddable":true,"href":"https:\/\/www.hirtenberg-apotheke.at\/katalog\/wp-json\/wp\/v2\/product_tag?post=34735"}],"curies":[{"name":"wp","href":"https:\/\/api.w.org\/{rel}","templated":true}]}}