{"id":34832,"date":"2025-11-25T23:02:06","date_gmt":"2025-11-25T22:02:06","guid":{"rendered":"https:\/\/www.hirtenberg-apotheke.at\/katalog\/produkt\/st-severin-laerchenpech-salbe-100-g\/"},"modified":"2025-11-25T23:02:28","modified_gmt":"2025-11-25T22:02:28","slug":"st-severin-laerchenpech-salbe-100-g","status":"publish","type":"product","link":"https:\/\/www.hirtenberg-apotheke.at\/katalog\/produkt\/st-severin-laerchenpech-salbe-100-g\/","title":{"rendered":"St. Severin L\u00e4rchenpech Salbe 100 g"},"content":{"rendered":"<p>St. Severin L\u00e4rchenpechsalbe ist ein Naturprodukt aus dem Harz der heimischen L\u00e4rche und Terpentin\u00f6l, die in eine Wollwachsalkoholsalbe als Grundlage eingearbeitet sind. Sie kann zur Pflege \u00fcberbeanspruchter und extrem strapazierter Haut verwendet werden. Die Salbe macht die Haut weich und geschmeidig und kann die Hautdurchblutung anregen.<\/p>\n","protected":false},"excerpt":{"rendered":"<p>St. Severin L\u00e4rchenpechsalbe ist ein Naturprodukt aus dem Harz der heimischen L\u00e4rche und Terpentin\u00f6l, die in eine Wollwachsalkoholsalbe als Grundlage eingearbeitet sind. Sie kann zur Pflege \u00fcberbeanspruchter und extrem strapazierter Haut verwendet werden. Die Salbe macht die Haut weich und geschmeidig und kann die Hautdurchblutung anregen.<\/p>\n","protected":false},"featured_media":0,"template":"","meta":{"_acf_changed":false},"product_brand":[411],"product_cat":[303],"product_tag":[],"class_list":{"0":"post-34832","1":"product","2":"type-product","3":"status-publish","5":"product_brand-st-severin","6":"product_cat-s","7":"pa_packungsgroesse-100g","9":"first","10":"instock","11":"shipping-taxable","12":"purchasable","13":"product-type-simple"},"acf":[],"_links":{"self":[{"href":"https:\/\/www.hirtenberg-apotheke.at\/katalog\/wp-json\/wp\/v2\/product\/34832","targetHints":{"allow":["GET"]}}],"collection":[{"href":"https:\/\/www.hirtenberg-apotheke.at\/katalog\/wp-json\/wp\/v2\/product"}],"about":[{"href":"https:\/\/www.hirtenberg-apotheke.at\/katalog\/wp-json\/wp\/v2\/types\/product"}],"wp:attachment":[{"href":"https:\/\/www.hirtenberg-apotheke.at\/katalog\/wp-json\/wp\/v2\/media?parent=34832"}],"wp:term":[{"taxonomy":"product_brand","embeddable":true,"href":"https:\/\/www.hirtenberg-apotheke.at\/katalog\/wp-json\/wp\/v2\/product_brand?post=34832"},{"taxonomy":"product_cat","embeddable":true,"href":"https:\/\/www.hirtenberg-apotheke.at\/katalog\/wp-json\/wp\/v2\/product_cat?post=34832"},{"taxonomy":"product_tag","embeddable":true,"href":"https:\/\/www.hirtenberg-apotheke.at\/katalog\/wp-json\/wp\/v2\/product_tag?post=34832"}],"curies":[{"name":"wp","href":"https:\/\/api.w.org\/{rel}","templated":true}]}}