{"id":34834,"date":"2025-11-25T23:02:06","date_gmt":"2025-11-25T22:02:06","guid":{"rendered":"https:\/\/www.hirtenberg-apotheke.at\/katalog\/produkt\/ensbona-teufelssalbe-eis-200-ml\/"},"modified":"2025-11-25T23:02:42","modified_gmt":"2025-11-25T22:02:42","slug":"ensbona-teufelssalbe-eis-200-ml","status":"publish","type":"product","link":"https:\/\/www.hirtenberg-apotheke.at\/katalog\/produkt\/ensbona-teufelssalbe-eis-200-ml\/","title":{"rendered":"Ensbona Teufelssalbe EIS 200 ml"},"content":{"rendered":"<p>Ensbona Teufelssalbe EIS 200 mit Teufelskralle, Aloe Vera-Extrakt und D-Panthenol sorgt f\u00fcr ein intensives K\u00e4ltegef\u00fchl und lindert Juckreiz. Die k\u00fchlende Menthol-Minz\u00f6l Formulierung ist sp\u00fcrbar erfrischend und wohltuend, insbesondere nach k\u00f6rperlicher Anstrengung und Erm\u00fcdung.<\/p>\n","protected":false},"excerpt":{"rendered":"<p>Ensbona Teufelssalbe EIS 200 mit Teufelskralle, Aloe Vera-Extrakt und D-Panthenol sorgt f\u00fcr ein intensives K\u00e4ltegef\u00fchl und lindert Juckreiz. Die k\u00fchlende Menthol-Minz\u00f6l Formulierung ist sp\u00fcrbar erfrischend und wohltuend, insbesondere nach k\u00f6rperlicher Anstrengung und Erm\u00fcdung.<\/p>\n","protected":false},"featured_media":34836,"template":"","meta":{"_acf_changed":false},"product_brand":[],"product_cat":[307],"product_tag":[],"class_list":{"0":"post-34834","1":"product","2":"type-product","3":"status-publish","4":"has-post-thumbnail","6":"product_cat-e","7":"pa_farbe-blau","8":"pa_packungsgroesse-200ml","10":"first","11":"instock","12":"shipping-taxable","13":"purchasable","14":"product-type-simple"},"acf":[],"_links":{"self":[{"href":"https:\/\/www.hirtenberg-apotheke.at\/katalog\/wp-json\/wp\/v2\/product\/34834","targetHints":{"allow":["GET"]}}],"collection":[{"href":"https:\/\/www.hirtenberg-apotheke.at\/katalog\/wp-json\/wp\/v2\/product"}],"about":[{"href":"https:\/\/www.hirtenberg-apotheke.at\/katalog\/wp-json\/wp\/v2\/types\/product"}],"wp:featuredmedia":[{"embeddable":true,"href":"https:\/\/www.hirtenberg-apotheke.at\/katalog\/wp-json\/wp\/v2\/media\/34836"}],"wp:attachment":[{"href":"https:\/\/www.hirtenberg-apotheke.at\/katalog\/wp-json\/wp\/v2\/media?parent=34834"}],"wp:term":[{"taxonomy":"product_brand","embeddable":true,"href":"https:\/\/www.hirtenberg-apotheke.at\/katalog\/wp-json\/wp\/v2\/product_brand?post=34834"},{"taxonomy":"product_cat","embeddable":true,"href":"https:\/\/www.hirtenberg-apotheke.at\/katalog\/wp-json\/wp\/v2\/product_cat?post=34834"},{"taxonomy":"product_tag","embeddable":true,"href":"https:\/\/www.hirtenberg-apotheke.at\/katalog\/wp-json\/wp\/v2\/product_tag?post=34834"}],"curies":[{"name":"wp","href":"https:\/\/api.w.org\/{rel}","templated":true}]}}