{"id":34856,"date":"2025-11-25T23:02:57","date_gmt":"2025-11-25T22:02:57","guid":{"rendered":"https:\/\/www.hirtenberg-apotheke.at\/katalog\/produkt\/roewo-sport-100-ml-gel\/"},"modified":"2025-11-25T23:05:42","modified_gmt":"2025-11-25T22:05:42","slug":"roewo-sport-100-ml-gel","status":"publish","type":"product","link":"https:\/\/www.hirtenberg-apotheke.at\/katalog\/produkt\/roewo-sport-100-ml-gel\/","title":{"rendered":"R\u00f6wo Sport 100 ml Gel"},"content":{"rendered":"<p>R\u00f6wo Sport wirkt belebend und erfrischend f\u00fcr den Patienten. Einreibung im Nacken und Pulsbereich ist besonders wohltuend. Auf Armen und Beinen aufgetragen wird Muskelkater, Leistungsabfall und Erm\u00fcdungserscheinungen vorgebeugt.<\/p>\n","protected":false},"excerpt":{"rendered":"<p>R\u00f6wo Sport wirkt belebend und erfrischend f\u00fcr den Patienten. Einreibung im Nacken und Pulsbereich ist besonders wohltuend. Auf Armen und Beinen aufgetragen wird Muskelkater, Leistungsabfall und Erm\u00fcdungserscheinungen vorgebeugt.<\/p>\n","protected":false},"featured_media":34858,"template":"","meta":{"_acf_changed":false},"product_brand":[],"product_cat":[311],"product_tag":[],"class_list":{"0":"post-34856","1":"product","2":"type-product","3":"status-publish","4":"has-post-thumbnail","6":"product_cat-r","7":"pa_farbe-farblos","8":"pa_packungsgroesse-100ml","9":"pa_packungsgroesse-200ml","11":"first","12":"instock","13":"shipping-taxable","14":"purchasable","15":"product-type-simple"},"acf":[],"_links":{"self":[{"href":"https:\/\/www.hirtenberg-apotheke.at\/katalog\/wp-json\/wp\/v2\/product\/34856","targetHints":{"allow":["GET"]}}],"collection":[{"href":"https:\/\/www.hirtenberg-apotheke.at\/katalog\/wp-json\/wp\/v2\/product"}],"about":[{"href":"https:\/\/www.hirtenberg-apotheke.at\/katalog\/wp-json\/wp\/v2\/types\/product"}],"wp:featuredmedia":[{"embeddable":true,"href":"https:\/\/www.hirtenberg-apotheke.at\/katalog\/wp-json\/wp\/v2\/media\/34858"}],"wp:attachment":[{"href":"https:\/\/www.hirtenberg-apotheke.at\/katalog\/wp-json\/wp\/v2\/media?parent=34856"}],"wp:term":[{"taxonomy":"product_brand","embeddable":true,"href":"https:\/\/www.hirtenberg-apotheke.at\/katalog\/wp-json\/wp\/v2\/product_brand?post=34856"},{"taxonomy":"product_cat","embeddable":true,"href":"https:\/\/www.hirtenberg-apotheke.at\/katalog\/wp-json\/wp\/v2\/product_cat?post=34856"},{"taxonomy":"product_tag","embeddable":true,"href":"https:\/\/www.hirtenberg-apotheke.at\/katalog\/wp-json\/wp\/v2\/product_tag?post=34856"}],"curies":[{"name":"wp","href":"https:\/\/api.w.org\/{rel}","templated":true}]}}