{"id":34914,"date":"2025-11-25T23:02:57","date_gmt":"2025-11-25T22:02:57","guid":{"rendered":"https:\/\/www.hirtenberg-apotheke.at\/katalog\/produkt\/dermaplast-active-warm-cream-100-ml\/"},"modified":"2025-11-25T23:04:05","modified_gmt":"2025-11-25T22:04:05","slug":"dermaplast-active-warm-cream-100-ml","status":"publish","type":"product","link":"https:\/\/www.hirtenberg-apotheke.at\/katalog\/produkt\/dermaplast-active-warm-cream-100-ml\/","title":{"rendered":"DermaPlast ACTIVE Warm Cream 100 ml"},"content":{"rendered":"<p>Die DermaPlast\u00ae ACTIVE Warm Cream W\u00e4rmende Creme 100 ml ist ideal f\u00fcr Sportler vor und nach k\u00f6rperlicher Belastung. Die w\u00e4rmende Creme wirkt nach anstrengenden Sporteinheiten und \u00dcberanstrengungen entspannend. Sie entfaltet kurz nach dem Auftragen auf der Haut eine intensive W\u00e4rme und lockert die Muskeln und ist ebenso zum Aufw\u00e4rmen vor sportlichen Aktivit\u00e4ten geeignet. Die w\u00e4rmende Creme zieht schnell ein, fettet nicht und pflegt die Haut.<\/p>\n","protected":false},"excerpt":{"rendered":"<p>Die DermaPlast\u00ae ACTIVE Warm Cream W\u00e4rmende Creme 100 ml ist ideal f\u00fcr Sportler vor und nach k\u00f6rperlicher Belastung. Die w\u00e4rmende Creme wirkt nach anstrengenden Sporteinheiten und \u00dcberanstrengungen entspannend. Sie entfaltet kurz nach dem Auftragen auf der Haut eine intensive W\u00e4rme und lockert die Muskeln und ist ebenso zum Aufw\u00e4rmen vor sportlichen Aktivit\u00e4ten geeignet. Die w\u00e4rmende [&hellip;]<\/p>\n","protected":false},"featured_media":0,"template":"","meta":{"_acf_changed":false},"product_brand":[],"product_cat":[295],"product_tag":[],"class_list":{"0":"post-34914","1":"product","2":"type-product","3":"status-publish","5":"product_cat-d","6":"pa_packungsgroesse-100ml","8":"first","9":"instock","10":"shipping-taxable","11":"purchasable","12":"product-type-simple"},"acf":[],"_links":{"self":[{"href":"https:\/\/www.hirtenberg-apotheke.at\/katalog\/wp-json\/wp\/v2\/product\/34914","targetHints":{"allow":["GET"]}}],"collection":[{"href":"https:\/\/www.hirtenberg-apotheke.at\/katalog\/wp-json\/wp\/v2\/product"}],"about":[{"href":"https:\/\/www.hirtenberg-apotheke.at\/katalog\/wp-json\/wp\/v2\/types\/product"}],"wp:attachment":[{"href":"https:\/\/www.hirtenberg-apotheke.at\/katalog\/wp-json\/wp\/v2\/media?parent=34914"}],"wp:term":[{"taxonomy":"product_brand","embeddable":true,"href":"https:\/\/www.hirtenberg-apotheke.at\/katalog\/wp-json\/wp\/v2\/product_brand?post=34914"},{"taxonomy":"product_cat","embeddable":true,"href":"https:\/\/www.hirtenberg-apotheke.at\/katalog\/wp-json\/wp\/v2\/product_cat?post=34914"},{"taxonomy":"product_tag","embeddable":true,"href":"https:\/\/www.hirtenberg-apotheke.at\/katalog\/wp-json\/wp\/v2\/product_tag?post=34914"}],"curies":[{"name":"wp","href":"https:\/\/api.w.org\/{rel}","templated":true}]}}