{"id":34942,"date":"2025-11-25T23:04:04","date_gmt":"2025-11-25T22:04:04","guid":{"rendered":"https:\/\/www.hirtenberg-apotheke.at\/katalog\/produkt\/roewo-waermebalsam-50-ml\/"},"modified":"2025-11-25T23:04:37","modified_gmt":"2025-11-25T22:04:37","slug":"roewo-waermebalsam-50-ml","status":"publish","type":"product","link":"https:\/\/www.hirtenberg-apotheke.at\/katalog\/produkt\/roewo-waermebalsam-50-ml\/","title":{"rendered":"R\u00f6wo W\u00e4rmebalsam 50 ml"},"content":{"rendered":"<p>R\u00f6wo W\u00e4rmebalsam begleitet Profi- sowie Freizeitsportler und wird gleichzeitig therapeutisch von Fachanwendern eingesetzt. Nach der Massage mit diesem Balsam entsteht ein lang anhaltendes, wohltuendes W\u00e4rmegef\u00fchl, welches zur Entspannung von Muskulatur und Gelenken f\u00fchrt.<\/p>\n","protected":false},"excerpt":{"rendered":"<p>R\u00f6wo W\u00e4rmebalsam begleitet Profi- sowie Freizeitsportler und wird gleichzeitig therapeutisch von Fachanwendern eingesetzt. Nach der Massage mit diesem Balsam entsteht ein lang anhaltendes, wohltuendes W\u00e4rmegef\u00fchl, welches zur Entspannung von Muskulatur und Gelenken f\u00fchrt.<\/p>\n","protected":false},"featured_media":34944,"template":"","meta":{"_acf_changed":false},"product_brand":[],"product_cat":[311],"product_tag":[],"class_list":{"0":"post-34942","1":"product","2":"type-product","3":"status-publish","4":"has-post-thumbnail","6":"product_cat-r","7":"pa_farbe-rot-orange","8":"pa_packungsgroesse-50ml","10":"first","11":"instock","12":"shipping-taxable","13":"purchasable","14":"product-type-simple"},"acf":[],"_links":{"self":[{"href":"https:\/\/www.hirtenberg-apotheke.at\/katalog\/wp-json\/wp\/v2\/product\/34942","targetHints":{"allow":["GET"]}}],"collection":[{"href":"https:\/\/www.hirtenberg-apotheke.at\/katalog\/wp-json\/wp\/v2\/product"}],"about":[{"href":"https:\/\/www.hirtenberg-apotheke.at\/katalog\/wp-json\/wp\/v2\/types\/product"}],"wp:featuredmedia":[{"embeddable":true,"href":"https:\/\/www.hirtenberg-apotheke.at\/katalog\/wp-json\/wp\/v2\/media\/34944"}],"wp:attachment":[{"href":"https:\/\/www.hirtenberg-apotheke.at\/katalog\/wp-json\/wp\/v2\/media?parent=34942"}],"wp:term":[{"taxonomy":"product_brand","embeddable":true,"href":"https:\/\/www.hirtenberg-apotheke.at\/katalog\/wp-json\/wp\/v2\/product_brand?post=34942"},{"taxonomy":"product_cat","embeddable":true,"href":"https:\/\/www.hirtenberg-apotheke.at\/katalog\/wp-json\/wp\/v2\/product_cat?post=34942"},{"taxonomy":"product_tag","embeddable":true,"href":"https:\/\/www.hirtenberg-apotheke.at\/katalog\/wp-json\/wp\/v2\/product_tag?post=34942"}],"curies":[{"name":"wp","href":"https:\/\/api.w.org\/{rel}","templated":true}]}}