{"id":34963,"date":"2025-11-25T23:04:46","date_gmt":"2025-11-25T22:04:46","guid":{"rendered":"https:\/\/www.hirtenberg-apotheke.at\/katalog\/produkt\/riviera-latschenkiefer-salbe-aktiv-75-ml\/"},"modified":"2025-11-25T23:04:57","modified_gmt":"2025-11-25T22:04:57","slug":"riviera-latschenkiefer-salbe-aktiv-75-ml","status":"publish","type":"product","link":"https:\/\/www.hirtenberg-apotheke.at\/katalog\/produkt\/riviera-latschenkiefer-salbe-aktiv-75-ml\/","title":{"rendered":"Riviera Latschenkiefer Salbe Aktiv 75 ml"},"content":{"rendered":"<p>Riviera Latschenkiefer Salbe Aktiv: Durch die enthaltenen Wirkstoffe hilft Latschenkiefer Aktiv-Salbe bei M\u00fcdigkeit und Abgespanntheit von \u00fcberbeanspruchten K\u00f6rperpartien. Das Latschenkiefer\u00f6l in der Pflegesalbe wirkt auf der Haut belebend und erfrischend.<\/p>\n","protected":false},"excerpt":{"rendered":"<p>Riviera Latschenkiefer Salbe Aktiv: Durch die enthaltenen Wirkstoffe hilft Latschenkiefer Aktiv-Salbe bei M\u00fcdigkeit und Abgespanntheit von \u00fcberbeanspruchten K\u00f6rperpartien. Das Latschenkiefer\u00f6l in der Pflegesalbe wirkt auf der Haut belebend und erfrischend.<\/p>\n","protected":false},"featured_media":0,"template":"","meta":{"_acf_changed":false},"product_brand":[467],"product_cat":[311],"product_tag":[],"class_list":{"0":"post-34963","1":"product","2":"type-product","3":"status-publish","5":"product_brand-riviera","6":"product_cat-r","7":"pa_packungsgroesse-75ml","9":"first","10":"instock","11":"shipping-taxable","12":"purchasable","13":"product-type-simple"},"acf":[],"_links":{"self":[{"href":"https:\/\/www.hirtenberg-apotheke.at\/katalog\/wp-json\/wp\/v2\/product\/34963","targetHints":{"allow":["GET"]}}],"collection":[{"href":"https:\/\/www.hirtenberg-apotheke.at\/katalog\/wp-json\/wp\/v2\/product"}],"about":[{"href":"https:\/\/www.hirtenberg-apotheke.at\/katalog\/wp-json\/wp\/v2\/types\/product"}],"wp:attachment":[{"href":"https:\/\/www.hirtenberg-apotheke.at\/katalog\/wp-json\/wp\/v2\/media?parent=34963"}],"wp:term":[{"taxonomy":"product_brand","embeddable":true,"href":"https:\/\/www.hirtenberg-apotheke.at\/katalog\/wp-json\/wp\/v2\/product_brand?post=34963"},{"taxonomy":"product_cat","embeddable":true,"href":"https:\/\/www.hirtenberg-apotheke.at\/katalog\/wp-json\/wp\/v2\/product_cat?post=34963"},{"taxonomy":"product_tag","embeddable":true,"href":"https:\/\/www.hirtenberg-apotheke.at\/katalog\/wp-json\/wp\/v2\/product_tag?post=34963"}],"curies":[{"name":"wp","href":"https:\/\/api.w.org\/{rel}","templated":true}]}}