{"id":35070,"date":"2025-11-25T23:06:16","date_gmt":"2025-11-25T22:06:16","guid":{"rendered":"https:\/\/www.hirtenberg-apotheke.at\/katalog\/produkt\/tetesept-ruecken-waerme-bad\/"},"modified":"2025-11-25T23:06:59","modified_gmt":"2025-11-25T22:06:59","slug":"tetesept-ruecken-waerme-bad","status":"publish","type":"product","link":"https:\/\/www.hirtenberg-apotheke.at\/katalog\/produkt\/tetesept-ruecken-waerme-bad\/","title":{"rendered":"Tetesept R\u00fccken W\u00e4rme Bad"},"content":{"rendered":"<p>Tetesept R\u00fccken W\u00e4rme Bad ist ein entspannendes Gesundheitsbad aus Naturmoor. Es \u00fcberzeugt mit seinem nachhaltigen Tiefenw\u00e4rme- Effekt, welcher besonders f\u00fcr die Nacken-und Schulterpartie wohltuend ist.<\/p>\n","protected":false},"excerpt":{"rendered":"<p>Tetesept R\u00fccken W\u00e4rme Bad ist ein entspannendes Gesundheitsbad aus Naturmoor. Es \u00fcberzeugt mit seinem nachhaltigen Tiefenw\u00e4rme- Effekt, welcher besonders f\u00fcr die Nacken-und Schulterpartie wohltuend ist.<\/p>\n","protected":false},"featured_media":0,"template":"","meta":{"_acf_changed":false},"product_brand":[468],"product_cat":[319],"product_tag":[],"class_list":{"0":"post-35070","1":"product","2":"type-product","3":"status-publish","5":"product_brand-tetesept","6":"product_cat-t","7":"pa_packungsgroesse-125ml","9":"first","10":"instock","11":"shipping-taxable","12":"purchasable","13":"product-type-simple"},"acf":[],"_links":{"self":[{"href":"https:\/\/www.hirtenberg-apotheke.at\/katalog\/wp-json\/wp\/v2\/product\/35070","targetHints":{"allow":["GET"]}}],"collection":[{"href":"https:\/\/www.hirtenberg-apotheke.at\/katalog\/wp-json\/wp\/v2\/product"}],"about":[{"href":"https:\/\/www.hirtenberg-apotheke.at\/katalog\/wp-json\/wp\/v2\/types\/product"}],"wp:attachment":[{"href":"https:\/\/www.hirtenberg-apotheke.at\/katalog\/wp-json\/wp\/v2\/media?parent=35070"}],"wp:term":[{"taxonomy":"product_brand","embeddable":true,"href":"https:\/\/www.hirtenberg-apotheke.at\/katalog\/wp-json\/wp\/v2\/product_brand?post=35070"},{"taxonomy":"product_cat","embeddable":true,"href":"https:\/\/www.hirtenberg-apotheke.at\/katalog\/wp-json\/wp\/v2\/product_cat?post=35070"},{"taxonomy":"product_tag","embeddable":true,"href":"https:\/\/www.hirtenberg-apotheke.at\/katalog\/wp-json\/wp\/v2\/product_tag?post=35070"}],"curies":[{"name":"wp","href":"https:\/\/api.w.org\/{rel}","templated":true}]}}