{"id":35079,"date":"2025-11-25T23:06:58","date_gmt":"2025-11-25T22:06:58","guid":{"rendered":"https:\/\/www.hirtenberg-apotheke.at\/katalog\/produkt\/kneipp-massageoel-gelenke-und-muskeln-100-ml\/"},"modified":"2025-11-25T23:07:08","modified_gmt":"2025-11-25T22:07:08","slug":"kneipp-massageoel-gelenke-und-muskeln-100-ml","status":"publish","type":"product","link":"https:\/\/www.hirtenberg-apotheke.at\/katalog\/produkt\/kneipp-massageoel-gelenke-und-muskeln-100-ml\/","title":{"rendered":"Kneipp Massage\u00f6l Gelenke und Muskeln 100 ml"},"content":{"rendered":"<p>Eine Massage mit dem Kneipp\u00ae Massag\u00f6l Arnika dient der reaktivierenden Pflege. Sie kann Verspannungen l\u00f6sen und wirkt sich somit wohltuend auf die Muskulatur aus. Das auf Arnika- und Ingwerextrakten, Sheabutter sowie pflegendem Sonnenblumen\u00f6l und feuchtigkeitsspendendem Mandel\u00f6l basierende Massage\u00f6l entfaltet bei einer sanften Massage seine pflegende und entspannende Wirkung.<\/p>\n","protected":false},"excerpt":{"rendered":"<p>Eine Massage mit dem Kneipp\u00ae Massag\u00f6l Arnika dient der reaktivierenden Pflege. Sie kann Verspannungen l\u00f6sen und wirkt sich somit wohltuend auf die Muskulatur aus. Das auf Arnika- und Ingwerextrakten, Sheabutter sowie pflegendem Sonnenblumen\u00f6l und feuchtigkeitsspendendem Mandel\u00f6l basierende Massage\u00f6l entfaltet bei einer sanften Massage seine pflegende und entspannende Wirkung.<\/p>\n","protected":false},"featured_media":0,"template":"","meta":{"_acf_changed":false},"product_brand":[680],"product_cat":[387],"product_tag":[],"class_list":{"0":"post-35079","1":"product","2":"type-product","3":"status-publish","5":"product_brand-kneipp","6":"product_cat-k","7":"pa_packungsgroesse-100ml","9":"first","10":"instock","11":"shipping-taxable","12":"purchasable","13":"product-type-simple"},"acf":[],"_links":{"self":[{"href":"https:\/\/www.hirtenberg-apotheke.at\/katalog\/wp-json\/wp\/v2\/product\/35079","targetHints":{"allow":["GET"]}}],"collection":[{"href":"https:\/\/www.hirtenberg-apotheke.at\/katalog\/wp-json\/wp\/v2\/product"}],"about":[{"href":"https:\/\/www.hirtenberg-apotheke.at\/katalog\/wp-json\/wp\/v2\/types\/product"}],"wp:attachment":[{"href":"https:\/\/www.hirtenberg-apotheke.at\/katalog\/wp-json\/wp\/v2\/media?parent=35079"}],"wp:term":[{"taxonomy":"product_brand","embeddable":true,"href":"https:\/\/www.hirtenberg-apotheke.at\/katalog\/wp-json\/wp\/v2\/product_brand?post=35079"},{"taxonomy":"product_cat","embeddable":true,"href":"https:\/\/www.hirtenberg-apotheke.at\/katalog\/wp-json\/wp\/v2\/product_cat?post=35079"},{"taxonomy":"product_tag","embeddable":true,"href":"https:\/\/www.hirtenberg-apotheke.at\/katalog\/wp-json\/wp\/v2\/product_tag?post=35079"}],"curies":[{"name":"wp","href":"https:\/\/api.w.org\/{rel}","templated":true}]}}