{"id":35092,"date":"2025-11-25T23:06:58","date_gmt":"2025-11-25T22:06:58","guid":{"rendered":"https:\/\/www.hirtenberg-apotheke.at\/katalog\/produkt\/artrin-kraeuterextrakt-creme-50-ml\/"},"modified":"2025-11-25T23:07:25","modified_gmt":"2025-11-25T22:07:25","slug":"artrin-kraeuterextrakt-creme-50-ml","status":"publish","type":"product","link":"https:\/\/www.hirtenberg-apotheke.at\/katalog\/produkt\/artrin-kraeuterextrakt-creme-50-ml\/","title":{"rendered":"Artrin Kr\u00e4uterextrakt Creme 50 ml"},"content":{"rendered":"<p>Artrin Kr\u00e4uterextrakt Creme kann den K\u00f6rper bei der Harmonisierung der Meridiane Nieren, Harnblase, Leber, Milz und Magen unterst\u00fctzen. Die Creme beinhaltet 15 verschiedene Kr\u00e4uterextrakte und ist zur \u00e4u\u00dferlichen Anwendung bestimmt.<\/p>\n","protected":false},"excerpt":{"rendered":"<p>Artrin Kr\u00e4uterextrakt Creme kann den K\u00f6rper bei der Harmonisierung der Meridiane Nieren, Harnblase, Leber, Milz und Magen unterst\u00fctzen. Die Creme beinhaltet 15 verschiedene Kr\u00e4uterextrakte und ist zur \u00e4u\u00dferlichen Anwendung bestimmt.<\/p>\n","protected":false},"featured_media":35094,"template":"","meta":{"_acf_changed":false},"product_brand":[],"product_cat":[299],"product_tag":[],"class_list":{"0":"post-35092","1":"product","2":"type-product","3":"status-publish","4":"has-post-thumbnail","6":"product_cat-a","7":"pa_packungsgroesse-50ml","9":"first","10":"instock","11":"shipping-taxable","12":"purchasable","13":"product-type-simple"},"acf":[],"_links":{"self":[{"href":"https:\/\/www.hirtenberg-apotheke.at\/katalog\/wp-json\/wp\/v2\/product\/35092","targetHints":{"allow":["GET"]}}],"collection":[{"href":"https:\/\/www.hirtenberg-apotheke.at\/katalog\/wp-json\/wp\/v2\/product"}],"about":[{"href":"https:\/\/www.hirtenberg-apotheke.at\/katalog\/wp-json\/wp\/v2\/types\/product"}],"wp:featuredmedia":[{"embeddable":true,"href":"https:\/\/www.hirtenberg-apotheke.at\/katalog\/wp-json\/wp\/v2\/media\/35094"}],"wp:attachment":[{"href":"https:\/\/www.hirtenberg-apotheke.at\/katalog\/wp-json\/wp\/v2\/media?parent=35092"}],"wp:term":[{"taxonomy":"product_brand","embeddable":true,"href":"https:\/\/www.hirtenberg-apotheke.at\/katalog\/wp-json\/wp\/v2\/product_brand?post=35092"},{"taxonomy":"product_cat","embeddable":true,"href":"https:\/\/www.hirtenberg-apotheke.at\/katalog\/wp-json\/wp\/v2\/product_cat?post=35092"},{"taxonomy":"product_tag","embeddable":true,"href":"https:\/\/www.hirtenberg-apotheke.at\/katalog\/wp-json\/wp\/v2\/product_tag?post=35092"}],"curies":[{"name":"wp","href":"https:\/\/api.w.org\/{rel}","templated":true}]}}