{"id":35159,"date":"2025-11-25T23:08:24","date_gmt":"2025-11-25T22:08:24","guid":{"rendered":"https:\/\/www.hirtenberg-apotheke.at\/katalog\/produkt\/pregnavit-select-plus-tabletten-kapseln-60-stk-phase-2\/"},"modified":"2025-11-25T23:08:37","modified_gmt":"2025-11-25T22:08:37","slug":"pregnavit-select-plus-tabletten-kapseln-60-stk-phase-2","status":"publish","type":"product","link":"https:\/\/www.hirtenberg-apotheke.at\/katalog\/produkt\/pregnavit-select-plus-tabletten-kapseln-60-stk-phase-2\/","title":{"rendered":"Pregnavit Select Plus Tabletten + Kapseln 60 Stk. Phase 2"},"content":{"rendered":"<p>Ratiopharm ist zust\u00e4ndig f\u00fcr die Entwicklung und den Vertrieb preiswerter Markengenerika, forschungsintensiver Biologicals, Originalpr\u00e4parate, OTC Produkte.Das Sortiment deckt nahezu alle Anwendungsgebiete ab und ist eines der gr\u00f6\u00dften und umfangreichsten i Markt<\/p>\n","protected":false},"excerpt":{"rendered":"<p>Ratiopharm ist zust\u00e4ndig f\u00fcr die Entwicklung und den Vertrieb preiswerter Markengenerika, forschungsintensiver Biologicals, Originalpr\u00e4parate, OTC Produkte.Das Sortiment deckt nahezu alle Anwendungsgebiete ab und ist eines der gr\u00f6\u00dften und umfangreichsten i Markt<\/p>\n","protected":false},"featured_media":35161,"template":"","meta":{"_acf_changed":false},"product_brand":[],"product_cat":[302],"product_tag":[],"class_list":{"0":"post-35159","1":"product","2":"type-product","3":"status-publish","4":"has-post-thumbnail","6":"product_cat-p","7":"pa_packungsgroesse-60-stueck","9":"first","10":"instock","11":"shipping-taxable","12":"purchasable","13":"product-type-simple"},"acf":[],"_links":{"self":[{"href":"https:\/\/www.hirtenberg-apotheke.at\/katalog\/wp-json\/wp\/v2\/product\/35159","targetHints":{"allow":["GET"]}}],"collection":[{"href":"https:\/\/www.hirtenberg-apotheke.at\/katalog\/wp-json\/wp\/v2\/product"}],"about":[{"href":"https:\/\/www.hirtenberg-apotheke.at\/katalog\/wp-json\/wp\/v2\/types\/product"}],"wp:featuredmedia":[{"embeddable":true,"href":"https:\/\/www.hirtenberg-apotheke.at\/katalog\/wp-json\/wp\/v2\/media\/35161"}],"wp:attachment":[{"href":"https:\/\/www.hirtenberg-apotheke.at\/katalog\/wp-json\/wp\/v2\/media?parent=35159"}],"wp:term":[{"taxonomy":"product_brand","embeddable":true,"href":"https:\/\/www.hirtenberg-apotheke.at\/katalog\/wp-json\/wp\/v2\/product_brand?post=35159"},{"taxonomy":"product_cat","embeddable":true,"href":"https:\/\/www.hirtenberg-apotheke.at\/katalog\/wp-json\/wp\/v2\/product_cat?post=35159"},{"taxonomy":"product_tag","embeddable":true,"href":"https:\/\/www.hirtenberg-apotheke.at\/katalog\/wp-json\/wp\/v2\/product_tag?post=35159"}],"curies":[{"name":"wp","href":"https:\/\/api.w.org\/{rel}","templated":true}]}}