{"id":35170,"date":"2025-11-25T23:08:24","date_gmt":"2025-11-25T22:08:24","guid":{"rendered":"https:\/\/www.hirtenberg-apotheke.at\/katalog\/produkt\/pelsano-kinder-und-koerperpuder-nachfuellung-70-g\/"},"modified":"2025-11-25T23:08:44","modified_gmt":"2025-11-25T22:08:44","slug":"pelsano-kinder-und-koerperpuder-nachfuellung-70-g","status":"publish","type":"product","link":"https:\/\/www.hirtenberg-apotheke.at\/katalog\/produkt\/pelsano-kinder-und-koerperpuder-nachfuellung-70-g\/","title":{"rendered":"Pelsano Kinder- und K\u00f6rperpuder Nachf\u00fcllung 70 g"},"content":{"rendered":"<p>Pelsano Kinder- und K\u00f6rperpuder bindet \u00fcbersch\u00fcssige Feuchtigkeit ohne die Haut zu reizen. Vorbeugend gegen Wundsein, Hautreizungen und Uringeruchsbildung. F\u00fcr einen zarten Baby-Po. Mit Vitamin B5 zur Regeneration der Haut. Mit Allantoin zur Vorbeugung von Hautr\u00f6tungen. Dermatologisch getestet.<\/p>\n","protected":false},"excerpt":{"rendered":"<p>Pelsano Kinder- und K\u00f6rperpuder bindet \u00fcbersch\u00fcssige Feuchtigkeit ohne die Haut zu reizen. Vorbeugend gegen Wundsein, Hautreizungen und Uringeruchsbildung. F\u00fcr einen zarten Baby-Po. Mit Vitamin B5 zur Regeneration der Haut. Mit Allantoin zur Vorbeugung von Hautr\u00f6tungen. Dermatologisch getestet.<\/p>\n","protected":false},"featured_media":35172,"template":"","meta":{"_acf_changed":false},"product_brand":[],"product_cat":[302],"product_tag":[],"class_list":{"0":"post-35170","1":"product","2":"type-product","3":"status-publish","4":"has-post-thumbnail","6":"product_cat-p","7":"pa_packungsgroesse-70g","9":"first","10":"instock","11":"shipping-taxable","12":"purchasable","13":"product-type-simple"},"acf":[],"_links":{"self":[{"href":"https:\/\/www.hirtenberg-apotheke.at\/katalog\/wp-json\/wp\/v2\/product\/35170","targetHints":{"allow":["GET"]}}],"collection":[{"href":"https:\/\/www.hirtenberg-apotheke.at\/katalog\/wp-json\/wp\/v2\/product"}],"about":[{"href":"https:\/\/www.hirtenberg-apotheke.at\/katalog\/wp-json\/wp\/v2\/types\/product"}],"wp:featuredmedia":[{"embeddable":true,"href":"https:\/\/www.hirtenberg-apotheke.at\/katalog\/wp-json\/wp\/v2\/media\/35172"}],"wp:attachment":[{"href":"https:\/\/www.hirtenberg-apotheke.at\/katalog\/wp-json\/wp\/v2\/media?parent=35170"}],"wp:term":[{"taxonomy":"product_brand","embeddable":true,"href":"https:\/\/www.hirtenberg-apotheke.at\/katalog\/wp-json\/wp\/v2\/product_brand?post=35170"},{"taxonomy":"product_cat","embeddable":true,"href":"https:\/\/www.hirtenberg-apotheke.at\/katalog\/wp-json\/wp\/v2\/product_cat?post=35170"},{"taxonomy":"product_tag","embeddable":true,"href":"https:\/\/www.hirtenberg-apotheke.at\/katalog\/wp-json\/wp\/v2\/product_tag?post=35170"}],"curies":[{"name":"wp","href":"https:\/\/api.w.org\/{rel}","templated":true}]}}