{"id":35210,"date":"2025-11-25T23:08:24","date_gmt":"2025-11-25T22:08:24","guid":{"rendered":"https:\/\/www.hirtenberg-apotheke.at\/katalog\/produkt\/mama-aua-zahn-20-ml\/"},"modified":"2025-11-25T23:09:32","modified_gmt":"2025-11-25T22:09:32","slug":"mama-aua-zahn-20-ml","status":"publish","type":"product","link":"https:\/\/www.hirtenberg-apotheke.at\/katalog\/produkt\/mama-aua-zahn-20-ml\/","title":{"rendered":"Mama Aua! Zahn 20 ml"},"content":{"rendered":"<p>Mama Aua! Zahn hilft, wenn die ersten Z\u00e4hnchen kommen oder bei einem Wackelzahn. Es wirkt beruhigend, unterst\u00fctzt die Regeneration der Zahn- und Mundschleimhaut und ist besonders empfehlenswert f\u00fcr die sensible Zeit des Zahnens und den Milchzahnwechsel.<\/p>\n","protected":false},"excerpt":{"rendered":"<p>Mama Aua! Zahn hilft, wenn die ersten Z\u00e4hnchen kommen oder bei einem Wackelzahn. Es wirkt beruhigend, unterst\u00fctzt die Regeneration der Zahn- und Mundschleimhaut und ist besonders empfehlenswert f\u00fcr die sensible Zeit des Zahnens und den Milchzahnwechsel.<\/p>\n","protected":false},"featured_media":0,"template":"","meta":{"_acf_changed":false},"product_brand":[1004],"product_cat":[308],"product_tag":[],"class_list":{"0":"post-35210","1":"product","2":"type-product","3":"status-publish","5":"product_brand-mama-aua","6":"product_cat-m","7":"pa_packungsgroesse-20ml","9":"first","10":"instock","11":"shipping-taxable","12":"purchasable","13":"product-type-simple"},"acf":[],"_links":{"self":[{"href":"https:\/\/www.hirtenberg-apotheke.at\/katalog\/wp-json\/wp\/v2\/product\/35210","targetHints":{"allow":["GET"]}}],"collection":[{"href":"https:\/\/www.hirtenberg-apotheke.at\/katalog\/wp-json\/wp\/v2\/product"}],"about":[{"href":"https:\/\/www.hirtenberg-apotheke.at\/katalog\/wp-json\/wp\/v2\/types\/product"}],"wp:attachment":[{"href":"https:\/\/www.hirtenberg-apotheke.at\/katalog\/wp-json\/wp\/v2\/media?parent=35210"}],"wp:term":[{"taxonomy":"product_brand","embeddable":true,"href":"https:\/\/www.hirtenberg-apotheke.at\/katalog\/wp-json\/wp\/v2\/product_brand?post=35210"},{"taxonomy":"product_cat","embeddable":true,"href":"https:\/\/www.hirtenberg-apotheke.at\/katalog\/wp-json\/wp\/v2\/product_cat?post=35210"},{"taxonomy":"product_tag","embeddable":true,"href":"https:\/\/www.hirtenberg-apotheke.at\/katalog\/wp-json\/wp\/v2\/product_tag?post=35210"}],"curies":[{"name":"wp","href":"https:\/\/api.w.org\/{rel}","templated":true}]}}