{"id":35247,"date":"2025-11-25T23:09:31","date_gmt":"2025-11-25T22:09:31","guid":{"rendered":"https:\/\/www.hirtenberg-apotheke.at\/katalog\/produkt\/pelsano-kinder-und-koerperpuder-90-g\/"},"modified":"2025-11-25T23:10:14","modified_gmt":"2025-11-25T22:10:14","slug":"pelsano-kinder-und-koerperpuder-90-g","status":"publish","type":"product","link":"https:\/\/www.hirtenberg-apotheke.at\/katalog\/produkt\/pelsano-kinder-und-koerperpuder-90-g\/","title":{"rendered":"Pelsano Kinder- und K\u00f6rperpuder 90 g"},"content":{"rendered":"<p>Pelsano Kinder- und K\u00f6rperpuder bindet \u00fcbersch\u00fcssige Feuchtigkeit ohne die Haut zu reizen. Vorbeugend gegen Wundsein, Hautreizungen und Uringeruchsbildung. F\u00fcr einen zarten Baby-Po. Mit Vitamin B5 zur Regeneration der Haut. Mit Allantoin zur Vorbeugung von Hautr\u00f6tungen. Dermatologisch getestet. Dieses Produkt erhalten Sie in den Packungsgr\u00f6\u00dfen 90 g und 70 g.<\/p>\n","protected":false},"excerpt":{"rendered":"<p>Pelsano Kinder- und K\u00f6rperpuder bindet \u00fcbersch\u00fcssige Feuchtigkeit ohne die Haut zu reizen. Vorbeugend gegen Wundsein, Hautreizungen und Uringeruchsbildung. F\u00fcr einen zarten Baby-Po. Mit Vitamin B5 zur Regeneration der Haut. Mit Allantoin zur Vorbeugung von Hautr\u00f6tungen. Dermatologisch getestet. Dieses Produkt erhalten Sie in den Packungsgr\u00f6\u00dfen 90 g und 70 g.<\/p>\n","protected":false},"featured_media":0,"template":"","meta":{"_acf_changed":false},"product_brand":[],"product_cat":[302],"product_tag":[],"class_list":{"0":"post-35247","1":"product","2":"type-product","3":"status-publish","5":"product_cat-p","6":"pa_packungsgroesse-90g","8":"first","9":"instock","10":"shipping-taxable","11":"purchasable","12":"product-type-simple"},"acf":[],"_links":{"self":[{"href":"https:\/\/www.hirtenberg-apotheke.at\/katalog\/wp-json\/wp\/v2\/product\/35247","targetHints":{"allow":["GET"]}}],"collection":[{"href":"https:\/\/www.hirtenberg-apotheke.at\/katalog\/wp-json\/wp\/v2\/product"}],"about":[{"href":"https:\/\/www.hirtenberg-apotheke.at\/katalog\/wp-json\/wp\/v2\/types\/product"}],"wp:attachment":[{"href":"https:\/\/www.hirtenberg-apotheke.at\/katalog\/wp-json\/wp\/v2\/media?parent=35247"}],"wp:term":[{"taxonomy":"product_brand","embeddable":true,"href":"https:\/\/www.hirtenberg-apotheke.at\/katalog\/wp-json\/wp\/v2\/product_brand?post=35247"},{"taxonomy":"product_cat","embeddable":true,"href":"https:\/\/www.hirtenberg-apotheke.at\/katalog\/wp-json\/wp\/v2\/product_cat?post=35247"},{"taxonomy":"product_tag","embeddable":true,"href":"https:\/\/www.hirtenberg-apotheke.at\/katalog\/wp-json\/wp\/v2\/product_tag?post=35247"}],"curies":[{"name":"wp","href":"https:\/\/api.w.org\/{rel}","templated":true}]}}