{"id":35249,"date":"2025-11-25T23:09:31","date_gmt":"2025-11-25T22:09:31","guid":{"rendered":"https:\/\/www.hirtenberg-apotheke.at\/katalog\/produkt\/mamagynial\/"},"modified":"2025-11-25T23:10:18","modified_gmt":"2025-11-25T22:10:18","slug":"mamagynial","status":"publish","type":"product","link":"https:\/\/www.hirtenberg-apotheke.at\/katalog\/produkt\/mamagynial\/","title":{"rendered":"MamaGynial"},"content":{"rendered":"<p>MamaGynial Kapseln enthalten wichtige N\u00e4hrstoffe, die Sie und Ihr Baby in dieser wichtigen Lebensphase gezielt versorgen. Die N\u00e4hrstoff-Kombination basiert auf den neuesten wissenschaftlichen Erkenntissen und wurde von einem Team aus \u00f6sterreichischen Gyn\u00e4kologinnen, Ern\u00e4hrungsexpertinnen und Mamas gemeinsam entwickelt.<\/p>\n","protected":false},"excerpt":{"rendered":"<p>MamaGynial Kapseln enthalten wichtige N\u00e4hrstoffe, die Sie und Ihr Baby in dieser wichtigen Lebensphase gezielt versorgen. Die N\u00e4hrstoff-Kombination basiert auf den neuesten wissenschaftlichen Erkenntissen und wurde von einem Team aus \u00f6sterreichischen Gyn\u00e4kologinnen, Ern\u00e4hrungsexpertinnen und Mamas gemeinsam entwickelt.<\/p>\n","protected":false},"featured_media":0,"template":"","meta":{"_acf_changed":false},"product_brand":[],"product_cat":[308],"product_tag":[],"class_list":{"0":"post-35249","1":"product","2":"type-product","3":"status-publish","5":"product_cat-m","6":"pa_packungsgroesse-30-stueck","8":"first","9":"instock","10":"shipping-taxable","11":"purchasable","12":"product-type-simple"},"acf":[],"_links":{"self":[{"href":"https:\/\/www.hirtenberg-apotheke.at\/katalog\/wp-json\/wp\/v2\/product\/35249","targetHints":{"allow":["GET"]}}],"collection":[{"href":"https:\/\/www.hirtenberg-apotheke.at\/katalog\/wp-json\/wp\/v2\/product"}],"about":[{"href":"https:\/\/www.hirtenberg-apotheke.at\/katalog\/wp-json\/wp\/v2\/types\/product"}],"wp:attachment":[{"href":"https:\/\/www.hirtenberg-apotheke.at\/katalog\/wp-json\/wp\/v2\/media?parent=35249"}],"wp:term":[{"taxonomy":"product_brand","embeddable":true,"href":"https:\/\/www.hirtenberg-apotheke.at\/katalog\/wp-json\/wp\/v2\/product_brand?post=35249"},{"taxonomy":"product_cat","embeddable":true,"href":"https:\/\/www.hirtenberg-apotheke.at\/katalog\/wp-json\/wp\/v2\/product_cat?post=35249"},{"taxonomy":"product_tag","embeddable":true,"href":"https:\/\/www.hirtenberg-apotheke.at\/katalog\/wp-json\/wp\/v2\/product_tag?post=35249"}],"curies":[{"name":"wp","href":"https:\/\/api.w.org\/{rel}","templated":true}]}}