{"id":35271,"date":"2025-11-25T23:10:51","date_gmt":"2025-11-25T22:10:51","guid":{"rendered":"https:\/\/www.hirtenberg-apotheke.at\/katalog\/produkt\/folsan-tabletten-04-mg-50-stk\/"},"modified":"2025-11-25T23:14:14","modified_gmt":"2025-11-25T22:14:14","slug":"folsan-tabletten-04-mg-50-stk","status":"publish","type":"product","link":"https:\/\/www.hirtenberg-apotheke.at\/katalog\/produkt\/folsan-tabletten-04-mg-50-stk\/","title":{"rendered":"Folsan Tabletten 0,4 mg 50 Stk."},"content":{"rendered":"<p>Folsan Tabletten 0,4 mg beugen Fols\u00e4uremangelzust\u00e4nde vor, wenn eine ausreichende Fols\u00e4urezufuhr mit der Nahrung nicht m\u00f6glich ist. Au\u00dferdem verhindern die Tabletten einen Neuralrohrdefekt bem Neugeborenen, auch bei vollwertiger Ern\u00e4hrung.<\/p>\n","protected":false},"excerpt":{"rendered":"<p>Folsan Tabletten 0,4 mg beugen Fols\u00e4uremangelzust\u00e4nde vor, wenn eine ausreichende Fols\u00e4urezufuhr mit der Nahrung nicht m\u00f6glich ist. Au\u00dferdem verhindern die Tabletten einen Neuralrohrdefekt bem Neugeborenen, auch bei vollwertiger Ern\u00e4hrung.<\/p>\n","protected":false},"featured_media":0,"template":"","meta":{"_acf_changed":false},"product_brand":[],"product_cat":[322],"product_tag":[],"class_list":{"0":"post-35271","1":"product","2":"type-product","3":"status-publish","5":"product_cat-f","6":"pa_packungsgroesse-50-stueck","7":"pa_packungsgroesse-100-stueck","9":"first","10":"instock","11":"shipping-taxable","12":"purchasable","13":"product-type-simple"},"acf":[],"_links":{"self":[{"href":"https:\/\/www.hirtenberg-apotheke.at\/katalog\/wp-json\/wp\/v2\/product\/35271","targetHints":{"allow":["GET"]}}],"collection":[{"href":"https:\/\/www.hirtenberg-apotheke.at\/katalog\/wp-json\/wp\/v2\/product"}],"about":[{"href":"https:\/\/www.hirtenberg-apotheke.at\/katalog\/wp-json\/wp\/v2\/types\/product"}],"wp:attachment":[{"href":"https:\/\/www.hirtenberg-apotheke.at\/katalog\/wp-json\/wp\/v2\/media?parent=35271"}],"wp:term":[{"taxonomy":"product_brand","embeddable":true,"href":"https:\/\/www.hirtenberg-apotheke.at\/katalog\/wp-json\/wp\/v2\/product_brand?post=35271"},{"taxonomy":"product_cat","embeddable":true,"href":"https:\/\/www.hirtenberg-apotheke.at\/katalog\/wp-json\/wp\/v2\/product_cat?post=35271"},{"taxonomy":"product_tag","embeddable":true,"href":"https:\/\/www.hirtenberg-apotheke.at\/katalog\/wp-json\/wp\/v2\/product_tag?post=35271"}],"curies":[{"name":"wp","href":"https:\/\/api.w.org\/{rel}","templated":true}]}}