{"id":35295,"date":"2025-11-25T23:10:51","date_gmt":"2025-11-25T22:10:51","guid":{"rendered":"https:\/\/www.hirtenberg-apotheke.at\/katalog\/produkt\/elevit-pronatal-filmtabletten-100-stk\/"},"modified":"2025-11-25T23:11:23","modified_gmt":"2025-11-25T22:11:23","slug":"elevit-pronatal-filmtabletten-100-stk","status":"publish","type":"product","link":"https:\/\/www.hirtenberg-apotheke.at\/katalog\/produkt\/elevit-pronatal-filmtabletten-100-stk\/","title":{"rendered":"Elevit Pronatal Filmtabletten 100 Stk."},"content":{"rendered":"<p>Elevit ist ma\u00dfgeschneidert f\u00fcr den erh\u00f6hten Vitaminbedarf in Schwangerschaft und Stillzeit jetzt versandkostenfreie* Lieferung nutzen! Dieses Produkt erhalten Sie in Packungen zu 30 und 100 St\u00fcck.<\/p>\n","protected":false},"excerpt":{"rendered":"<p>Elevit ist ma\u00dfgeschneidert f\u00fcr den erh\u00f6hten Vitaminbedarf in Schwangerschaft und Stillzeit jetzt versandkostenfreie* Lieferung nutzen! Dieses Produkt erhalten Sie in Packungen zu 30 und 100 St\u00fcck.<\/p>\n","protected":false},"featured_media":35297,"template":"","meta":{"_acf_changed":false},"product_brand":[],"product_cat":[307],"product_tag":[],"class_list":{"0":"post-35295","1":"product","2":"type-product","3":"status-publish","4":"has-post-thumbnail","6":"product_cat-e","7":"pa_packungsgroesse-100-stueck","9":"first","10":"instock","11":"shipping-taxable","12":"purchasable","13":"product-type-simple"},"acf":[],"_links":{"self":[{"href":"https:\/\/www.hirtenberg-apotheke.at\/katalog\/wp-json\/wp\/v2\/product\/35295","targetHints":{"allow":["GET"]}}],"collection":[{"href":"https:\/\/www.hirtenberg-apotheke.at\/katalog\/wp-json\/wp\/v2\/product"}],"about":[{"href":"https:\/\/www.hirtenberg-apotheke.at\/katalog\/wp-json\/wp\/v2\/types\/product"}],"wp:featuredmedia":[{"embeddable":true,"href":"https:\/\/www.hirtenberg-apotheke.at\/katalog\/wp-json\/wp\/v2\/media\/35297"}],"wp:attachment":[{"href":"https:\/\/www.hirtenberg-apotheke.at\/katalog\/wp-json\/wp\/v2\/media?parent=35295"}],"wp:term":[{"taxonomy":"product_brand","embeddable":true,"href":"https:\/\/www.hirtenberg-apotheke.at\/katalog\/wp-json\/wp\/v2\/product_brand?post=35295"},{"taxonomy":"product_cat","embeddable":true,"href":"https:\/\/www.hirtenberg-apotheke.at\/katalog\/wp-json\/wp\/v2\/product_cat?post=35295"},{"taxonomy":"product_tag","embeddable":true,"href":"https:\/\/www.hirtenberg-apotheke.at\/katalog\/wp-json\/wp\/v2\/product_tag?post=35295"}],"curies":[{"name":"wp","href":"https:\/\/api.w.org\/{rel}","templated":true}]}}