{"id":35302,"date":"2025-11-25T23:10:51","date_gmt":"2025-11-25T22:10:51","guid":{"rendered":"https:\/\/www.hirtenberg-apotheke.at\/katalog\/produkt\/mama-aua-tropfen-bauch-30-ml\/"},"modified":"2025-11-25T23:16:58","modified_gmt":"2025-11-25T22:16:58","slug":"mama-aua-tropfen-bauch-30-ml","status":"publish","type":"product","link":"https:\/\/www.hirtenberg-apotheke.at\/katalog\/produkt\/mama-aua-tropfen-bauch-30-ml\/","title":{"rendered":"Mama-Aua! Tropfen Bauch 30 ml"},"content":{"rendered":"<p>Mama-Aua! Tropfen Bauch f\u00fcr ein gesundes Wohlbefinden im Bauch. Zur nat\u00fcrlichen Regulation der Darmt\u00e4tigkeit.<\/p>\n","protected":false},"excerpt":{"rendered":"<p>Mama-Aua! Tropfen Bauch f\u00fcr ein gesundes Wohlbefinden im Bauch. Zur nat\u00fcrlichen Regulation der Darmt\u00e4tigkeit.<\/p>\n","protected":false},"featured_media":0,"template":"","meta":{"_acf_changed":false},"product_brand":[1004],"product_cat":[308],"product_tag":[],"class_list":{"0":"post-35302","1":"product","2":"type-product","3":"status-publish","5":"product_brand-mama-aua","6":"product_cat-m","7":"pa_packungsgroesse-10ml","8":"pa_packungsgroesse-30ml","10":"first","11":"instock","12":"shipping-taxable","13":"purchasable","14":"product-type-simple"},"acf":[],"_links":{"self":[{"href":"https:\/\/www.hirtenberg-apotheke.at\/katalog\/wp-json\/wp\/v2\/product\/35302","targetHints":{"allow":["GET"]}}],"collection":[{"href":"https:\/\/www.hirtenberg-apotheke.at\/katalog\/wp-json\/wp\/v2\/product"}],"about":[{"href":"https:\/\/www.hirtenberg-apotheke.at\/katalog\/wp-json\/wp\/v2\/types\/product"}],"wp:attachment":[{"href":"https:\/\/www.hirtenberg-apotheke.at\/katalog\/wp-json\/wp\/v2\/media?parent=35302"}],"wp:term":[{"taxonomy":"product_brand","embeddable":true,"href":"https:\/\/www.hirtenberg-apotheke.at\/katalog\/wp-json\/wp\/v2\/product_brand?post=35302"},{"taxonomy":"product_cat","embeddable":true,"href":"https:\/\/www.hirtenberg-apotheke.at\/katalog\/wp-json\/wp\/v2\/product_cat?post=35302"},{"taxonomy":"product_tag","embeddable":true,"href":"https:\/\/www.hirtenberg-apotheke.at\/katalog\/wp-json\/wp\/v2\/product_tag?post=35302"}],"curies":[{"name":"wp","href":"https:\/\/api.w.org\/{rel}","templated":true}]}}