{"id":35329,"date":"2025-11-25T23:11:47","date_gmt":"2025-11-25T22:11:47","guid":{"rendered":"https:\/\/www.hirtenberg-apotheke.at\/katalog\/produkt\/pregnavit-plus-select-phase-1-tabletten-30-stk-phase-1\/"},"modified":"2025-11-25T23:12:09","modified_gmt":"2025-11-25T22:12:09","slug":"pregnavit-plus-select-phase-1-tabletten-30-stk-phase-1","status":"publish","type":"product","link":"https:\/\/www.hirtenberg-apotheke.at\/katalog\/produkt\/pregnavit-plus-select-phase-1-tabletten-30-stk-phase-1\/","title":{"rendered":"Pregnavit Plus Select Phase 1 Tabletten 30 Stk. Phase 1"},"content":{"rendered":"<p>Ratiopharm ist zust\u00e4ndig f\u00fcr die Entwicklung und den Vertrieb preiswerter Markengenerika, forschungsintensiver Biologicals, Originalpr\u00e4parate, OTC Produkte.Das Sortiment deckt nahezu alle Anwendungsgebiete ab und ist eines der gr\u00f6\u00dften und umfangreichsten im Markt<\/p>\n","protected":false},"excerpt":{"rendered":"<p>Ratiopharm ist zust\u00e4ndig f\u00fcr die Entwicklung und den Vertrieb preiswerter Markengenerika, forschungsintensiver Biologicals, Originalpr\u00e4parate, OTC Produkte.Das Sortiment deckt nahezu alle Anwendungsgebiete ab und ist eines der gr\u00f6\u00dften und umfangreichsten im Markt<\/p>\n","protected":false},"featured_media":0,"template":"","meta":{"_acf_changed":false},"product_brand":[],"product_cat":[302],"product_tag":[],"class_list":{"0":"post-35329","1":"product","2":"type-product","3":"status-publish","5":"product_cat-p","6":"pa_packungsgroesse-30-stueck","8":"first","9":"instock","10":"shipping-taxable","11":"purchasable","12":"product-type-simple"},"acf":[],"_links":{"self":[{"href":"https:\/\/www.hirtenberg-apotheke.at\/katalog\/wp-json\/wp\/v2\/product\/35329","targetHints":{"allow":["GET"]}}],"collection":[{"href":"https:\/\/www.hirtenberg-apotheke.at\/katalog\/wp-json\/wp\/v2\/product"}],"about":[{"href":"https:\/\/www.hirtenberg-apotheke.at\/katalog\/wp-json\/wp\/v2\/types\/product"}],"wp:attachment":[{"href":"https:\/\/www.hirtenberg-apotheke.at\/katalog\/wp-json\/wp\/v2\/media?parent=35329"}],"wp:term":[{"taxonomy":"product_brand","embeddable":true,"href":"https:\/\/www.hirtenberg-apotheke.at\/katalog\/wp-json\/wp\/v2\/product_brand?post=35329"},{"taxonomy":"product_cat","embeddable":true,"href":"https:\/\/www.hirtenberg-apotheke.at\/katalog\/wp-json\/wp\/v2\/product_cat?post=35329"},{"taxonomy":"product_tag","embeddable":true,"href":"https:\/\/www.hirtenberg-apotheke.at\/katalog\/wp-json\/wp\/v2\/product_tag?post=35329"}],"curies":[{"name":"wp","href":"https:\/\/api.w.org\/{rel}","templated":true}]}}