{"id":35343,"date":"2025-11-25T23:11:47","date_gmt":"2025-11-25T22:11:47","guid":{"rendered":"https:\/\/www.hirtenberg-apotheke.at\/katalog\/produkt\/schwangerschaftstest-viobella-fruehtest-2-stk\/"},"modified":"2025-11-25T23:12:35","modified_gmt":"2025-11-25T22:12:35","slug":"schwangerschaftstest-viobella-fruehtest-2-stk","status":"publish","type":"product","link":"https:\/\/www.hirtenberg-apotheke.at\/katalog\/produkt\/schwangerschaftstest-viobella-fruehtest-2-stk\/","title":{"rendered":"Schwangerschaftstest Viobella Fr\u00fchtest 2 Stk."},"content":{"rendered":"<p>Der viobella Schwangerschafts-Fr\u00fchtest zeigt bereits schon 10 Tage nach einer m\u00f6glichen Empf\u00e4ngnis an, ob eine Frau schwanger ist oder nicht.Viobella ist einfach in der Anwendung und zeigt zuverl\u00e4ssig und schnell ein eindeutiges Ergebnis an.<\/p>\n","protected":false},"excerpt":{"rendered":"<p>Der viobella Schwangerschafts-Fr\u00fchtest zeigt bereits schon 10 Tage nach einer m\u00f6glichen Empf\u00e4ngnis an, ob eine Frau schwanger ist oder nicht.Viobella ist einfach in der Anwendung und zeigt zuverl\u00e4ssig und schnell ein eindeutiges Ergebnis an.<\/p>\n","protected":false},"featured_media":35345,"template":"","meta":{"_acf_changed":false},"product_brand":[],"product_cat":[303],"product_tag":[],"class_list":{"0":"post-35343","1":"product","2":"type-product","3":"status-publish","4":"has-post-thumbnail","6":"product_cat-s","7":"pa_packungsgroesse-2-stueck","9":"first","10":"instock","11":"shipping-taxable","12":"purchasable","13":"product-type-simple"},"acf":[],"_links":{"self":[{"href":"https:\/\/www.hirtenberg-apotheke.at\/katalog\/wp-json\/wp\/v2\/product\/35343","targetHints":{"allow":["GET"]}}],"collection":[{"href":"https:\/\/www.hirtenberg-apotheke.at\/katalog\/wp-json\/wp\/v2\/product"}],"about":[{"href":"https:\/\/www.hirtenberg-apotheke.at\/katalog\/wp-json\/wp\/v2\/types\/product"}],"wp:featuredmedia":[{"embeddable":true,"href":"https:\/\/www.hirtenberg-apotheke.at\/katalog\/wp-json\/wp\/v2\/media\/35345"}],"wp:attachment":[{"href":"https:\/\/www.hirtenberg-apotheke.at\/katalog\/wp-json\/wp\/v2\/media?parent=35343"}],"wp:term":[{"taxonomy":"product_brand","embeddable":true,"href":"https:\/\/www.hirtenberg-apotheke.at\/katalog\/wp-json\/wp\/v2\/product_brand?post=35343"},{"taxonomy":"product_cat","embeddable":true,"href":"https:\/\/www.hirtenberg-apotheke.at\/katalog\/wp-json\/wp\/v2\/product_cat?post=35343"},{"taxonomy":"product_tag","embeddable":true,"href":"https:\/\/www.hirtenberg-apotheke.at\/katalog\/wp-json\/wp\/v2\/product_tag?post=35343"}],"curies":[{"name":"wp","href":"https:\/\/api.w.org\/{rel}","templated":true}]}}