{"id":35357,"date":"2025-11-25T23:11:47","date_gmt":"2025-11-25T22:11:47","guid":{"rendered":"https:\/\/www.hirtenberg-apotheke.at\/katalog\/produkt\/nicapur-haare-naegel-kapseln\/"},"modified":"2025-11-25T23:12:58","modified_gmt":"2025-11-25T22:12:58","slug":"nicapur-haare-naegel-kapseln","status":"publish","type":"product","link":"https:\/\/www.hirtenberg-apotheke.at\/katalog\/produkt\/nicapur-haare-naegel-kapseln\/","title":{"rendered":"Nicapur Haare &#038; N\u00e4gel Kapseln"},"content":{"rendered":"<p>Kr\u00e4ftiges Haar und harte N\u00e4gel gelten nicht nur als attraktiv, sie spiegeln auch die Vitalit\u00e4t eines Menschen wider. Eine zentrale Rolle f\u00fcr die Gesundheit dieser nat\u00fcrlichen \u201eSch\u00f6nheitsmerkmale\u201c spielt die N\u00e4hrstoffversorgung \u00fcber die Nagel- und Haarwurzel. Erhalten Haare oder N\u00e4gel zu wenig Vitalstoffe, kann sich dies rasch auf ihr Erscheinungsbild auswirken. Eine ad\u00e4quate Zufuhr mit den richtigen Mikron\u00e4hrstoffen hingegen tr\u00e4gt zu einem reibungslosen Ablauf der Aufbauprozesse von N\u00e4geln und Haaren bei. Damit werden die nutritiven Voraussetzungen f\u00fcr sch\u00f6nes Haar und kr\u00e4ftige N\u00e4gel erf\u00fcllt..<\/p>\n","protected":false},"excerpt":{"rendered":"<p>Kr\u00e4ftiges Haar und harte N\u00e4gel gelten nicht nur als attraktiv, sie spiegeln auch die Vitalit\u00e4t eines Menschen wider. Eine zentrale Rolle f\u00fcr die Gesundheit dieser nat\u00fcrlichen \u201eSch\u00f6nheitsmerkmale\u201c spielt die N\u00e4hrstoffversorgung \u00fcber die Nagel- und Haarwurzel. Erhalten Haare oder N\u00e4gel zu wenig Vitalstoffe, kann sich dies rasch auf ihr Erscheinungsbild auswirken. Eine ad\u00e4quate Zufuhr mit den [&hellip;]<\/p>\n","protected":false},"featured_media":35359,"template":"","meta":{"_acf_changed":false},"product_brand":[309],"product_cat":[310],"product_tag":[],"class_list":{"0":"post-35357","1":"product","2":"type-product","3":"status-publish","4":"has-post-thumbnail","6":"product_brand-nicapur","7":"product_cat-n","8":"pa_packungsgroesse-30-stueck","10":"first","11":"instock","12":"shipping-taxable","13":"purchasable","14":"product-type-simple"},"acf":[],"_links":{"self":[{"href":"https:\/\/www.hirtenberg-apotheke.at\/katalog\/wp-json\/wp\/v2\/product\/35357","targetHints":{"allow":["GET"]}}],"collection":[{"href":"https:\/\/www.hirtenberg-apotheke.at\/katalog\/wp-json\/wp\/v2\/product"}],"about":[{"href":"https:\/\/www.hirtenberg-apotheke.at\/katalog\/wp-json\/wp\/v2\/types\/product"}],"wp:featuredmedia":[{"embeddable":true,"href":"https:\/\/www.hirtenberg-apotheke.at\/katalog\/wp-json\/wp\/v2\/media\/35359"}],"wp:attachment":[{"href":"https:\/\/www.hirtenberg-apotheke.at\/katalog\/wp-json\/wp\/v2\/media?parent=35357"}],"wp:term":[{"taxonomy":"product_brand","embeddable":true,"href":"https:\/\/www.hirtenberg-apotheke.at\/katalog\/wp-json\/wp\/v2\/product_brand?post=35357"},{"taxonomy":"product_cat","embeddable":true,"href":"https:\/\/www.hirtenberg-apotheke.at\/katalog\/wp-json\/wp\/v2\/product_cat?post=35357"},{"taxonomy":"product_tag","embeddable":true,"href":"https:\/\/www.hirtenberg-apotheke.at\/katalog\/wp-json\/wp\/v2\/product_tag?post=35357"}],"curies":[{"name":"wp","href":"https:\/\/api.w.org\/{rel}","templated":true}]}}