{"id":35366,"date":"2025-11-25T23:11:47","date_gmt":"2025-11-25T22:11:47","guid":{"rendered":"https:\/\/www.hirtenberg-apotheke.at\/katalog\/produkt\/ombe-dropchen-babytropfen-probiotisch-10-ml\/"},"modified":"2025-11-25T23:13:05","modified_gmt":"2025-11-25T22:13:05","slug":"ombe-dropchen-babytropfen-probiotisch-10-ml","status":"publish","type":"product","link":"https:\/\/www.hirtenberg-apotheke.at\/katalog\/produkt\/ombe-dropchen-babytropfen-probiotisch-10-ml\/","title":{"rendered":"Ombe Dropchen Babytropfen probiotisch 10 ml"},"content":{"rendered":"<p>Dropchen\u00ae verst\u00e4rken die n\u00fctzlichen Darmbakterien und festigen die florale Balance. Auch f\u00fcr Erwachsene, deren florale Balance (Antibiotika-Therapie!) aus dem Gleichgewicht ist \u2013 jetzt mit 100% Zufriedenheitsgarantie mit dem Ablauf Ihrer Bestellung bei uns!<\/p>\n","protected":false},"excerpt":{"rendered":"<p>Dropchen\u00ae verst\u00e4rken die n\u00fctzlichen Darmbakterien und festigen die florale Balance. Auch f\u00fcr Erwachsene, deren florale Balance (Antibiotika-Therapie!) aus dem Gleichgewicht ist \u2013 jetzt mit 100% Zufriedenheitsgarantie mit dem Ablauf Ihrer Bestellung bei uns!<\/p>\n","protected":false},"featured_media":0,"template":"","meta":{"_acf_changed":false},"product_brand":[],"product_cat":[349],"product_tag":[],"class_list":{"0":"post-35366","1":"product","2":"type-product","3":"status-publish","5":"product_cat-o","6":"pa_packungsgroesse-10ml","8":"first","9":"instock","10":"shipping-taxable","11":"purchasable","12":"product-type-simple"},"acf":[],"_links":{"self":[{"href":"https:\/\/www.hirtenberg-apotheke.at\/katalog\/wp-json\/wp\/v2\/product\/35366","targetHints":{"allow":["GET"]}}],"collection":[{"href":"https:\/\/www.hirtenberg-apotheke.at\/katalog\/wp-json\/wp\/v2\/product"}],"about":[{"href":"https:\/\/www.hirtenberg-apotheke.at\/katalog\/wp-json\/wp\/v2\/types\/product"}],"wp:attachment":[{"href":"https:\/\/www.hirtenberg-apotheke.at\/katalog\/wp-json\/wp\/v2\/media?parent=35366"}],"wp:term":[{"taxonomy":"product_brand","embeddable":true,"href":"https:\/\/www.hirtenberg-apotheke.at\/katalog\/wp-json\/wp\/v2\/product_brand?post=35366"},{"taxonomy":"product_cat","embeddable":true,"href":"https:\/\/www.hirtenberg-apotheke.at\/katalog\/wp-json\/wp\/v2\/product_cat?post=35366"},{"taxonomy":"product_tag","embeddable":true,"href":"https:\/\/www.hirtenberg-apotheke.at\/katalog\/wp-json\/wp\/v2\/product_tag?post=35366"}],"curies":[{"name":"wp","href":"https:\/\/api.w.org\/{rel}","templated":true}]}}