{"id":35441,"date":"2025-11-25T23:14:12","date_gmt":"2025-11-25T22:14:12","guid":{"rendered":"https:\/\/www.hirtenberg-apotheke.at\/katalog\/produkt\/novalac-ar-400-g-dose\/"},"modified":"2025-11-25T23:14:33","modified_gmt":"2025-11-25T22:14:33","slug":"novalac-ar-400-g-dose","status":"publish","type":"product","link":"https:\/\/www.hirtenberg-apotheke.at\/katalog\/produkt\/novalac-ar-400-g-dose\/","title":{"rendered":"Novalac Ar 400 g Dose"},"content":{"rendered":"<p>Speziell angepasste Milchnahrung bei h\u00e4ufigem Aufsto\u00dfen und Spucken (0-36 Monate).Novalac ARenth\u00e4lt leicht verdauliche Maisst\u00e4rke, die erst im Magen s\u00e4mig wird(ist im Fl\u00e4schchen fl\u00fcssig), so dass das Spucken vermindert wird &#8211; aber die Verdauungnichtverlangsamt.<\/p>\n","protected":false},"excerpt":{"rendered":"<p>Speziell angepasste Milchnahrung bei h\u00e4ufigem Aufsto\u00dfen und Spucken (0-36 Monate).Novalac ARenth\u00e4lt leicht verdauliche Maisst\u00e4rke, die erst im Magen s\u00e4mig wird(ist im Fl\u00e4schchen fl\u00fcssig), so dass das Spucken vermindert wird &#8211; aber die Verdauungnichtverlangsamt.<\/p>\n","protected":false},"featured_media":35443,"template":"","meta":{"_acf_changed":false},"product_brand":[1002],"product_cat":[310],"product_tag":[],"class_list":{"0":"post-35441","1":"product","2":"type-product","3":"status-publish","4":"has-post-thumbnail","6":"product_brand-novalac","7":"product_cat-n","8":"pa_packungsgroesse-400g","10":"first","11":"instock","12":"shipping-taxable","13":"purchasable","14":"product-type-simple"},"acf":[],"_links":{"self":[{"href":"https:\/\/www.hirtenberg-apotheke.at\/katalog\/wp-json\/wp\/v2\/product\/35441","targetHints":{"allow":["GET"]}}],"collection":[{"href":"https:\/\/www.hirtenberg-apotheke.at\/katalog\/wp-json\/wp\/v2\/product"}],"about":[{"href":"https:\/\/www.hirtenberg-apotheke.at\/katalog\/wp-json\/wp\/v2\/types\/product"}],"wp:featuredmedia":[{"embeddable":true,"href":"https:\/\/www.hirtenberg-apotheke.at\/katalog\/wp-json\/wp\/v2\/media\/35443"}],"wp:attachment":[{"href":"https:\/\/www.hirtenberg-apotheke.at\/katalog\/wp-json\/wp\/v2\/media?parent=35441"}],"wp:term":[{"taxonomy":"product_brand","embeddable":true,"href":"https:\/\/www.hirtenberg-apotheke.at\/katalog\/wp-json\/wp\/v2\/product_brand?post=35441"},{"taxonomy":"product_cat","embeddable":true,"href":"https:\/\/www.hirtenberg-apotheke.at\/katalog\/wp-json\/wp\/v2\/product_cat?post=35441"},{"taxonomy":"product_tag","embeddable":true,"href":"https:\/\/www.hirtenberg-apotheke.at\/katalog\/wp-json\/wp\/v2\/product_tag?post=35441"}],"curies":[{"name":"wp","href":"https:\/\/api.w.org\/{rel}","templated":true}]}}