{"id":35444,"date":"2025-11-25T23:14:12","date_gmt":"2025-11-25T22:14:12","guid":{"rendered":"https:\/\/www.hirtenberg-apotheke.at\/katalog\/produkt\/burgerstein-tabletten-schwangerschaft-stillzeit-60-stk\/"},"modified":"2025-11-25T23:14:44","modified_gmt":"2025-11-25T22:14:44","slug":"burgerstein-tabletten-schwangerschaft-stillzeit-60-stk","status":"publish","type":"product","link":"https:\/\/www.hirtenberg-apotheke.at\/katalog\/produkt\/burgerstein-tabletten-schwangerschaft-stillzeit-60-stk\/","title":{"rendered":"Burgerstein Tabletten Schwangerschaft + Stillzeit 60 Stk."},"content":{"rendered":"<p>Burgerstein Tabletten Schwangerschaft + Stillzeit ist dank der ausgewogenen Dosierung und der sorgf\u00e4ltigen Rohstoffauswahl sehr gut vertr\u00e4glich. Das enthaltene Vitamin C erh\u00f6ht die Aufnahme von Eisen und die Fols\u00e4ure tr\u00e4gt zum Wachstum des m\u00fctterlichen Gewebes w\u00e4hrend der Schwangerschaft bei.<\/p>\n","protected":false},"excerpt":{"rendered":"<p>Burgerstein Tabletten Schwangerschaft + Stillzeit ist dank der ausgewogenen Dosierung und der sorgf\u00e4ltigen Rohstoffauswahl sehr gut vertr\u00e4glich. Das enthaltene Vitamin C erh\u00f6ht die Aufnahme von Eisen und die Fols\u00e4ure tr\u00e4gt zum Wachstum des m\u00fctterlichen Gewebes w\u00e4hrend der Schwangerschaft bei.<\/p>\n","protected":false},"featured_media":35446,"template":"","meta":{"_acf_changed":false},"product_brand":[422],"product_cat":[292],"product_tag":[],"class_list":{"0":"post-35444","1":"product","2":"type-product","3":"status-publish","4":"has-post-thumbnail","6":"product_brand-burgerstein","7":"product_cat-b","8":"pa_packungsgroesse-60-stueck","10":"first","11":"instock","12":"shipping-taxable","13":"purchasable","14":"product-type-simple"},"acf":[],"_links":{"self":[{"href":"https:\/\/www.hirtenberg-apotheke.at\/katalog\/wp-json\/wp\/v2\/product\/35444","targetHints":{"allow":["GET"]}}],"collection":[{"href":"https:\/\/www.hirtenberg-apotheke.at\/katalog\/wp-json\/wp\/v2\/product"}],"about":[{"href":"https:\/\/www.hirtenberg-apotheke.at\/katalog\/wp-json\/wp\/v2\/types\/product"}],"wp:featuredmedia":[{"embeddable":true,"href":"https:\/\/www.hirtenberg-apotheke.at\/katalog\/wp-json\/wp\/v2\/media\/35446"}],"wp:attachment":[{"href":"https:\/\/www.hirtenberg-apotheke.at\/katalog\/wp-json\/wp\/v2\/media?parent=35444"}],"wp:term":[{"taxonomy":"product_brand","embeddable":true,"href":"https:\/\/www.hirtenberg-apotheke.at\/katalog\/wp-json\/wp\/v2\/product_brand?post=35444"},{"taxonomy":"product_cat","embeddable":true,"href":"https:\/\/www.hirtenberg-apotheke.at\/katalog\/wp-json\/wp\/v2\/product_cat?post=35444"},{"taxonomy":"product_tag","embeddable":true,"href":"https:\/\/www.hirtenberg-apotheke.at\/katalog\/wp-json\/wp\/v2\/product_tag?post=35444"}],"curies":[{"name":"wp","href":"https:\/\/api.w.org\/{rel}","templated":true}]}}