{"id":35465,"date":"2025-11-25T23:14:12","date_gmt":"2025-11-25T22:14:12","guid":{"rendered":"https:\/\/www.hirtenberg-apotheke.at\/katalog\/produkt\/quarkpack-topfenwickel-arnika\/"},"modified":"2025-11-25T23:15:04","modified_gmt":"2025-11-25T22:15:04","slug":"quarkpack-topfenwickel-arnika","status":"publish","type":"product","link":"https:\/\/www.hirtenberg-apotheke.at\/katalog\/produkt\/quarkpack-topfenwickel-arnika\/","title":{"rendered":"Quarkpack Topfenwickel Arnika"},"content":{"rendered":"<p>Quarkpack Topfenwickel Arnika ist eine leicht und sauber anzuwendende Alternative zum klassischen Topfenwickel. Durch die einfache Handhabung bleiben keine klebrigen Reste zur\u00fcck und zus\u00e4tzliche Arnika wirkt entz\u00fcndungshemmend.<\/p>\n","protected":false},"excerpt":{"rendered":"<p>Quarkpack Topfenwickel Arnika ist eine leicht und sauber anzuwendende Alternative zum klassischen Topfenwickel. Durch die einfache Handhabung bleiben keine klebrigen Reste zur\u00fcck und zus\u00e4tzliche Arnika wirkt entz\u00fcndungshemmend.<\/p>\n","protected":false},"featured_media":35467,"template":"","meta":{"_acf_changed":false},"product_brand":[],"product_cat":[928],"product_tag":[],"class_list":{"0":"post-35465","1":"product","2":"type-product","3":"status-publish","4":"has-post-thumbnail","6":"product_cat-q","7":"pa_packungsgroesse-4-stueck","9":"first","10":"instock","11":"shipping-taxable","12":"purchasable","13":"product-type-simple"},"acf":[],"_links":{"self":[{"href":"https:\/\/www.hirtenberg-apotheke.at\/katalog\/wp-json\/wp\/v2\/product\/35465","targetHints":{"allow":["GET"]}}],"collection":[{"href":"https:\/\/www.hirtenberg-apotheke.at\/katalog\/wp-json\/wp\/v2\/product"}],"about":[{"href":"https:\/\/www.hirtenberg-apotheke.at\/katalog\/wp-json\/wp\/v2\/types\/product"}],"wp:featuredmedia":[{"embeddable":true,"href":"https:\/\/www.hirtenberg-apotheke.at\/katalog\/wp-json\/wp\/v2\/media\/35467"}],"wp:attachment":[{"href":"https:\/\/www.hirtenberg-apotheke.at\/katalog\/wp-json\/wp\/v2\/media?parent=35465"}],"wp:term":[{"taxonomy":"product_brand","embeddable":true,"href":"https:\/\/www.hirtenberg-apotheke.at\/katalog\/wp-json\/wp\/v2\/product_brand?post=35465"},{"taxonomy":"product_cat","embeddable":true,"href":"https:\/\/www.hirtenberg-apotheke.at\/katalog\/wp-json\/wp\/v2\/product_cat?post=35465"},{"taxonomy":"product_tag","embeddable":true,"href":"https:\/\/www.hirtenberg-apotheke.at\/katalog\/wp-json\/wp\/v2\/product_tag?post=35465"}],"curies":[{"name":"wp","href":"https:\/\/api.w.org\/{rel}","templated":true}]}}