{"id":35469,"date":"2025-11-25T23:14:12","date_gmt":"2025-11-25T22:14:12","guid":{"rendered":"https:\/\/www.hirtenberg-apotheke.at\/katalog\/produkt\/dr-boehm-folsaeure-plus-dragees-30-stk\/"},"modified":"2025-11-25T23:15:09","modified_gmt":"2025-11-25T22:15:09","slug":"dr-boehm-folsaeure-plus-dragees-30-stk","status":"publish","type":"product","link":"https:\/\/www.hirtenberg-apotheke.at\/katalog\/produkt\/dr-boehm-folsaeure-plus-dragees-30-stk\/","title":{"rendered":"Dr. B\u00f6hm Fols\u00e4ure Plus Dragees 30 Stk."},"content":{"rendered":"<p>Dr. B\u00f6hm Fols\u00e4ure Plus Dragees wurde speziell f\u00fcr Schwangere oder Frauen mit Kinderwunsch entwickelt. Die Tabletten unterst\u00fctzen die Zellteilung und Blutbildung, sowie das Wachstum des m\u00fctterlichen Gewebes w\u00e4hrend der Schwangerschaft.<\/p>\n","protected":false},"excerpt":{"rendered":"<p>Dr. B\u00f6hm Fols\u00e4ure Plus Dragees wurde speziell f\u00fcr Schwangere oder Frauen mit Kinderwunsch entwickelt. Die Tabletten unterst\u00fctzen die Zellteilung und Blutbildung, sowie das Wachstum des m\u00fctterlichen Gewebes w\u00e4hrend der Schwangerschaft.<\/p>\n","protected":false},"featured_media":0,"template":"","meta":{"_acf_changed":false},"product_brand":[294],"product_cat":[295],"product_tag":[],"class_list":{"0":"post-35469","1":"product","2":"type-product","3":"status-publish","5":"product_brand-dr-boehm","6":"product_cat-d","7":"pa_packungsgroesse-30-stueck","9":"first","10":"instock","11":"shipping-taxable","12":"purchasable","13":"product-type-simple"},"acf":[],"_links":{"self":[{"href":"https:\/\/www.hirtenberg-apotheke.at\/katalog\/wp-json\/wp\/v2\/product\/35469","targetHints":{"allow":["GET"]}}],"collection":[{"href":"https:\/\/www.hirtenberg-apotheke.at\/katalog\/wp-json\/wp\/v2\/product"}],"about":[{"href":"https:\/\/www.hirtenberg-apotheke.at\/katalog\/wp-json\/wp\/v2\/types\/product"}],"wp:attachment":[{"href":"https:\/\/www.hirtenberg-apotheke.at\/katalog\/wp-json\/wp\/v2\/media?parent=35469"}],"wp:term":[{"taxonomy":"product_brand","embeddable":true,"href":"https:\/\/www.hirtenberg-apotheke.at\/katalog\/wp-json\/wp\/v2\/product_brand?post=35469"},{"taxonomy":"product_cat","embeddable":true,"href":"https:\/\/www.hirtenberg-apotheke.at\/katalog\/wp-json\/wp\/v2\/product_cat?post=35469"},{"taxonomy":"product_tag","embeddable":true,"href":"https:\/\/www.hirtenberg-apotheke.at\/katalog\/wp-json\/wp\/v2\/product_tag?post=35469"}],"curies":[{"name":"wp","href":"https:\/\/api.w.org\/{rel}","templated":true}]}}