{"id":35471,"date":"2025-11-25T23:14:12","date_gmt":"2025-11-25T22:14:12","guid":{"rendered":"https:\/\/www.hirtenberg-apotheke.at\/katalog\/produkt\/eubos-haut-ruhe-lotion-125-ml\/"},"modified":"2025-11-25T23:15:22","modified_gmt":"2025-11-25T22:15:22","slug":"eubos-haut-ruhe-lotion-125-ml","status":"publish","type":"product","link":"https:\/\/www.hirtenberg-apotheke.at\/katalog\/produkt\/eubos-haut-ruhe-lotion-125-ml\/","title":{"rendered":"Eubos Haut Ruhe Lotion 125 ml"},"content":{"rendered":"<p>Eubos Haut Ruhe Lotion ist eine leicht verteilbare Lotion mit 6% Nachtkerzensamen\u00f6l, Mandel- und Jojoba\u00f6l und wird f\u00fcr die t\u00e4gliche Ganzk\u00f6rperpflege bei trockener Haut &#8211; auch Therapie begleitend &#8211; bei Neurodermitis empfohlen.<\/p>\n","protected":false},"excerpt":{"rendered":"<p>Eubos Haut Ruhe Lotion ist eine leicht verteilbare Lotion mit 6% Nachtkerzensamen\u00f6l, Mandel- und Jojoba\u00f6l und wird f\u00fcr die t\u00e4gliche Ganzk\u00f6rperpflege bei trockener Haut &#8211; auch Therapie begleitend &#8211; bei Neurodermitis empfohlen.<\/p>\n","protected":false},"featured_media":35473,"template":"","meta":{"_acf_changed":false},"product_brand":[709],"product_cat":[307],"product_tag":[],"class_list":{"0":"post-35471","1":"product","2":"type-product","3":"status-publish","4":"has-post-thumbnail","6":"product_brand-eubos","7":"product_cat-e","8":"pa_packungsgroesse-125ml","10":"first","11":"instock","12":"shipping-taxable","13":"purchasable","14":"product-type-simple"},"acf":[],"_links":{"self":[{"href":"https:\/\/www.hirtenberg-apotheke.at\/katalog\/wp-json\/wp\/v2\/product\/35471","targetHints":{"allow":["GET"]}}],"collection":[{"href":"https:\/\/www.hirtenberg-apotheke.at\/katalog\/wp-json\/wp\/v2\/product"}],"about":[{"href":"https:\/\/www.hirtenberg-apotheke.at\/katalog\/wp-json\/wp\/v2\/types\/product"}],"wp:featuredmedia":[{"embeddable":true,"href":"https:\/\/www.hirtenberg-apotheke.at\/katalog\/wp-json\/wp\/v2\/media\/35473"}],"wp:attachment":[{"href":"https:\/\/www.hirtenberg-apotheke.at\/katalog\/wp-json\/wp\/v2\/media?parent=35471"}],"wp:term":[{"taxonomy":"product_brand","embeddable":true,"href":"https:\/\/www.hirtenberg-apotheke.at\/katalog\/wp-json\/wp\/v2\/product_brand?post=35471"},{"taxonomy":"product_cat","embeddable":true,"href":"https:\/\/www.hirtenberg-apotheke.at\/katalog\/wp-json\/wp\/v2\/product_cat?post=35471"},{"taxonomy":"product_tag","embeddable":true,"href":"https:\/\/www.hirtenberg-apotheke.at\/katalog\/wp-json\/wp\/v2\/product_tag?post=35471"}],"curies":[{"name":"wp","href":"https:\/\/api.w.org\/{rel}","templated":true}]}}