{"id":35542,"date":"2025-11-25T23:16:16","date_gmt":"2025-11-25T22:16:16","guid":{"rendered":"https:\/\/www.hirtenberg-apotheke.at\/katalog\/produkt\/lasepton-baby-bad-shampoo-200-ml\/"},"modified":"2025-11-25T23:16:40","modified_gmt":"2025-11-25T22:16:40","slug":"lasepton-baby-bad-shampoo-200-ml","status":"publish","type":"product","link":"https:\/\/www.hirtenberg-apotheke.at\/katalog\/produkt\/lasepton-baby-bad-shampoo-200-ml\/","title":{"rendered":"Lasepton Baby Bad &#038; Shampoo 200 ml"},"content":{"rendered":"<p>Lasepton Baby Bad &#038; Shampoo 200 ml reinigt sensible Babyhaut sanft mit hochwertigen Pflanzen, Vitaminen und \u00d6len. Die einzigartige CARE-Formel ist r\u00fcckfettend, sch\u00fctzt vor Austrocknung und f\u00f6rdert den Erhalt einer intakten Hautbarriere. Das Haar wird geschmeidig und leicht k\u00e4mmbar..<\/p>\n","protected":false},"excerpt":{"rendered":"<p>Lasepton Baby Bad &#038; Shampoo 200 ml reinigt sensible Babyhaut sanft mit hochwertigen Pflanzen, Vitaminen und \u00d6len. Die einzigartige CARE-Formel ist r\u00fcckfettend, sch\u00fctzt vor Austrocknung und f\u00f6rdert den Erhalt einer intakten Hautbarriere. Das Haar wird geschmeidig und leicht k\u00e4mmbar..<\/p>\n","protected":false},"featured_media":0,"template":"","meta":{"_acf_changed":false},"product_brand":[757],"product_cat":[317],"product_tag":[],"class_list":{"0":"post-35542","1":"product","2":"type-product","3":"status-publish","5":"product_brand-lasepton","6":"product_cat-l","7":"pa_packungsgroesse-200ml","9":"first","10":"instock","11":"shipping-taxable","12":"purchasable","13":"product-type-simple"},"acf":[],"_links":{"self":[{"href":"https:\/\/www.hirtenberg-apotheke.at\/katalog\/wp-json\/wp\/v2\/product\/35542","targetHints":{"allow":["GET"]}}],"collection":[{"href":"https:\/\/www.hirtenberg-apotheke.at\/katalog\/wp-json\/wp\/v2\/product"}],"about":[{"href":"https:\/\/www.hirtenberg-apotheke.at\/katalog\/wp-json\/wp\/v2\/types\/product"}],"wp:attachment":[{"href":"https:\/\/www.hirtenberg-apotheke.at\/katalog\/wp-json\/wp\/v2\/media?parent=35542"}],"wp:term":[{"taxonomy":"product_brand","embeddable":true,"href":"https:\/\/www.hirtenberg-apotheke.at\/katalog\/wp-json\/wp\/v2\/product_brand?post=35542"},{"taxonomy":"product_cat","embeddable":true,"href":"https:\/\/www.hirtenberg-apotheke.at\/katalog\/wp-json\/wp\/v2\/product_cat?post=35542"},{"taxonomy":"product_tag","embeddable":true,"href":"https:\/\/www.hirtenberg-apotheke.at\/katalog\/wp-json\/wp\/v2\/product_tag?post=35542"}],"curies":[{"name":"wp","href":"https:\/\/api.w.org\/{rel}","templated":true}]}}