{"id":35593,"date":"2025-11-25T23:17:10","date_gmt":"2025-11-25T22:17:10","guid":{"rendered":"https:\/\/www.hirtenberg-apotheke.at\/katalog\/produkt\/kneipp-naturkosmetik-zauberbad-sprudel-80-g\/"},"modified":"2025-11-25T23:17:49","modified_gmt":"2025-11-25T22:17:49","slug":"kneipp-naturkosmetik-zauberbad-sprudel-80-g","status":"publish","type":"product","link":"https:\/\/www.hirtenberg-apotheke.at\/katalog\/produkt\/kneipp-naturkosmetik-zauberbad-sprudel-80-g\/","title":{"rendered":"Kneipp Naturkosmetik Zauberbad Sprudel 80 g"},"content":{"rendered":"<p>Ab in die Wanne mit dem Kneipp Naturkind Zauberdrache Sprudelbad mit nat\u00fcrlichem Bananenextrakt! Einfach Ecke abschneiden, Zauberdrache unter Wasser tauchen und schon spuckt er magischen Zauberschaum, der das Badewasser gelb f\u00e4rbt. Wertvolles Sonnenblumen\u00f6l pflegt zarte Kinderhaut und sch\u00fctzt sie vor dem Austrocknen.Mit Farbe und magischem Sprudeleffekt bis zu 10 Minuten lang \u2013 so wird Baden spielerisch zu einem Erlebnis f\u00fcr die kindlichen Sinne! F\u00fcr Kinder ab 3 Jahren. Die Kneipp Naturkind Produkte haben wir mit ganz viel Liebe speziell f\u00fcr unsere Kinder entwickelt. Sie sind die ideale Kombination aus Pflege und Spa\u00df &#8211; f\u00fcr Kinder ab 3 Jahren.<\/p>\n","protected":false},"excerpt":{"rendered":"<p>Ab in die Wanne mit dem Kneipp Naturkind Zauberdrache Sprudelbad mit nat\u00fcrlichem Bananenextrakt! Einfach Ecke abschneiden, Zauberdrache unter Wasser tauchen und schon spuckt er magischen Zauberschaum, der das Badewasser gelb f\u00e4rbt. Wertvolles Sonnenblumen\u00f6l pflegt zarte Kinderhaut und sch\u00fctzt sie vor dem Austrocknen.Mit Farbe und magischem Sprudeleffekt bis zu 10 Minuten lang \u2013 so wird Baden [&hellip;]<\/p>\n","protected":false},"featured_media":35595,"template":"","meta":{"_acf_changed":false},"product_brand":[680],"product_cat":[387],"product_tag":[],"class_list":{"0":"post-35593","1":"product","2":"type-product","3":"status-publish","4":"has-post-thumbnail","6":"product_brand-kneipp","7":"product_cat-k","8":"pa_packungsgroesse-1-stueck","10":"first","11":"instock","12":"shipping-taxable","13":"purchasable","14":"product-type-simple"},"acf":[],"_links":{"self":[{"href":"https:\/\/www.hirtenberg-apotheke.at\/katalog\/wp-json\/wp\/v2\/product\/35593","targetHints":{"allow":["GET"]}}],"collection":[{"href":"https:\/\/www.hirtenberg-apotheke.at\/katalog\/wp-json\/wp\/v2\/product"}],"about":[{"href":"https:\/\/www.hirtenberg-apotheke.at\/katalog\/wp-json\/wp\/v2\/types\/product"}],"wp:featuredmedia":[{"embeddable":true,"href":"https:\/\/www.hirtenberg-apotheke.at\/katalog\/wp-json\/wp\/v2\/media\/35595"}],"wp:attachment":[{"href":"https:\/\/www.hirtenberg-apotheke.at\/katalog\/wp-json\/wp\/v2\/media?parent=35593"}],"wp:term":[{"taxonomy":"product_brand","embeddable":true,"href":"https:\/\/www.hirtenberg-apotheke.at\/katalog\/wp-json\/wp\/v2\/product_brand?post=35593"},{"taxonomy":"product_cat","embeddable":true,"href":"https:\/\/www.hirtenberg-apotheke.at\/katalog\/wp-json\/wp\/v2\/product_cat?post=35593"},{"taxonomy":"product_tag","embeddable":true,"href":"https:\/\/www.hirtenberg-apotheke.at\/katalog\/wp-json\/wp\/v2\/product_tag?post=35593"}],"curies":[{"name":"wp","href":"https:\/\/api.w.org\/{rel}","templated":true}]}}