{"id":35626,"date":"2025-11-25T23:18:02","date_gmt":"2025-11-25T22:18:02","guid":{"rendered":"https:\/\/www.hirtenberg-apotheke.at\/katalog\/produkt\/fertilovit-kapseln-90-stk-m-plus\/"},"modified":"2025-11-25T23:29:36","modified_gmt":"2025-11-25T22:29:36","slug":"fertilovit-kapseln-90-stk-m-plus","status":"publish","type":"product","link":"https:\/\/www.hirtenberg-apotheke.at\/katalog\/produkt\/fertilovit-kapseln-90-stk-m-plus\/","title":{"rendered":"Fertilovit Kapseln 90 Stk. M Plus"},"content":{"rendered":"<p>Fertilovit\u00ae Mplus ist ein di\u00e4tetisches Lebensmittel f\u00fcr besondere medizinische Zwecke (erg\u00e4nzende bilanzierte Di\u00e4t) und dient zur di\u00e4tetischen Behandlung von Fertilit\u00e4tsst\u00f6rungen des Mannes bei eingeschr\u00e4nktem Spermiogramm (testikul\u00e4re Dysfunktion)<\/p>\n","protected":false},"excerpt":{"rendered":"<p>Fertilovit\u00ae Mplus ist ein di\u00e4tetisches Lebensmittel f\u00fcr besondere medizinische Zwecke (erg\u00e4nzende bilanzierte Di\u00e4t) und dient zur di\u00e4tetischen Behandlung von Fertilit\u00e4tsst\u00f6rungen des Mannes bei eingeschr\u00e4nktem Spermiogramm (testikul\u00e4re Dysfunktion)<\/p>\n","protected":false},"featured_media":35628,"template":"","meta":{"_acf_changed":false},"product_brand":[],"product_cat":[322],"product_tag":[],"class_list":{"0":"post-35626","1":"product","2":"type-product","3":"status-publish","4":"has-post-thumbnail","6":"product_cat-f","7":"pa_packungsgroesse-60-stueck","8":"pa_packungsgroesse-90-stueck","10":"first","11":"instock","12":"shipping-taxable","13":"purchasable","14":"product-type-simple"},"acf":[],"_links":{"self":[{"href":"https:\/\/www.hirtenberg-apotheke.at\/katalog\/wp-json\/wp\/v2\/product\/35626","targetHints":{"allow":["GET"]}}],"collection":[{"href":"https:\/\/www.hirtenberg-apotheke.at\/katalog\/wp-json\/wp\/v2\/product"}],"about":[{"href":"https:\/\/www.hirtenberg-apotheke.at\/katalog\/wp-json\/wp\/v2\/types\/product"}],"wp:featuredmedia":[{"embeddable":true,"href":"https:\/\/www.hirtenberg-apotheke.at\/katalog\/wp-json\/wp\/v2\/media\/35628"}],"wp:attachment":[{"href":"https:\/\/www.hirtenberg-apotheke.at\/katalog\/wp-json\/wp\/v2\/media?parent=35626"}],"wp:term":[{"taxonomy":"product_brand","embeddable":true,"href":"https:\/\/www.hirtenberg-apotheke.at\/katalog\/wp-json\/wp\/v2\/product_brand?post=35626"},{"taxonomy":"product_cat","embeddable":true,"href":"https:\/\/www.hirtenberg-apotheke.at\/katalog\/wp-json\/wp\/v2\/product_cat?post=35626"},{"taxonomy":"product_tag","embeddable":true,"href":"https:\/\/www.hirtenberg-apotheke.at\/katalog\/wp-json\/wp\/v2\/product_tag?post=35626"}],"curies":[{"name":"wp","href":"https:\/\/api.w.org\/{rel}","templated":true}]}}