{"id":35635,"date":"2025-11-25T23:18:02","date_gmt":"2025-11-25T22:18:02","guid":{"rendered":"https:\/\/www.hirtenberg-apotheke.at\/katalog\/produkt\/weleda-damm-massageoel-50-ml\/"},"modified":"2025-11-25T23:18:38","modified_gmt":"2025-11-25T22:18:38","slug":"weleda-damm-massageoel-50-ml","status":"publish","type":"product","link":"https:\/\/www.hirtenberg-apotheke.at\/katalog\/produkt\/weleda-damm-massageoel-50-ml\/","title":{"rendered":"Weleda Damm Massage\u00f6l 50 ml"},"content":{"rendered":"<p>WELEDA\u00ae Damm Massage\u00f6l bereitet auf die Geburt vor. Regelm\u00e4\u00dfig angewendet ab der 34. Schwangerschaftswoche, macht das Damm-Massage\u00f6l das Gewebe weich und dehnungsf\u00e4hig.<\/p>\n","protected":false},"excerpt":{"rendered":"<p>WELEDA\u00ae Damm Massage\u00f6l bereitet auf die Geburt vor. Regelm\u00e4\u00dfig angewendet ab der 34. Schwangerschaftswoche, macht das Damm-Massage\u00f6l das Gewebe weich und dehnungsf\u00e4hig.<\/p>\n","protected":false},"featured_media":0,"template":"","meta":{"_acf_changed":false},"product_brand":[554],"product_cat":[368],"product_tag":[],"class_list":{"0":"post-35635","1":"product","2":"type-product","3":"status-publish","5":"product_brand-weleda","6":"product_cat-w","7":"pa_packungsgroesse-50ml","9":"first","10":"instock","11":"shipping-taxable","12":"purchasable","13":"product-type-simple"},"acf":[],"_links":{"self":[{"href":"https:\/\/www.hirtenberg-apotheke.at\/katalog\/wp-json\/wp\/v2\/product\/35635","targetHints":{"allow":["GET"]}}],"collection":[{"href":"https:\/\/www.hirtenberg-apotheke.at\/katalog\/wp-json\/wp\/v2\/product"}],"about":[{"href":"https:\/\/www.hirtenberg-apotheke.at\/katalog\/wp-json\/wp\/v2\/types\/product"}],"wp:attachment":[{"href":"https:\/\/www.hirtenberg-apotheke.at\/katalog\/wp-json\/wp\/v2\/media?parent=35635"}],"wp:term":[{"taxonomy":"product_brand","embeddable":true,"href":"https:\/\/www.hirtenberg-apotheke.at\/katalog\/wp-json\/wp\/v2\/product_brand?post=35635"},{"taxonomy":"product_cat","embeddable":true,"href":"https:\/\/www.hirtenberg-apotheke.at\/katalog\/wp-json\/wp\/v2\/product_cat?post=35635"},{"taxonomy":"product_tag","embeddable":true,"href":"https:\/\/www.hirtenberg-apotheke.at\/katalog\/wp-json\/wp\/v2\/product_tag?post=35635"}],"curies":[{"name":"wp","href":"https:\/\/api.w.org\/{rel}","templated":true}]}}