{"id":35700,"date":"2025-11-25T23:19:33","date_gmt":"2025-11-25T22:19:33","guid":{"rendered":"https:\/\/www.hirtenberg-apotheke.at\/katalog\/produkt\/milupa-aptamil-pre-fluessig-90-ml\/"},"modified":"2025-11-25T23:19:57","modified_gmt":"2025-11-25T22:19:57","slug":"milupa-aptamil-pre-fluessig-90-ml","status":"publish","type":"product","link":"https:\/\/www.hirtenberg-apotheke.at\/katalog\/produkt\/milupa-aptamil-pre-fluessig-90-ml\/","title":{"rendered":"Milupa Aptamil Pre fl\u00fcssig 90 ml"},"content":{"rendered":"<p>Aptamil Pre ist genau auf die Ern\u00e4hrungsbed\u00fcrfnisse Ihres Babys von Geburt an abgestimmt und unterst\u00fctzt seine gesunde Entwicklung.Nach dem Vorbild der Mutterlich mit patentierten GOS\/FOS und mit LCP Milupan\u00ae \u2013 alle Produkte von Milupa jetzt mit hohem Rabatt sichern!<\/p>\n","protected":false},"excerpt":{"rendered":"<p>Aptamil Pre ist genau auf die Ern\u00e4hrungsbed\u00fcrfnisse Ihres Babys von Geburt an abgestimmt und unterst\u00fctzt seine gesunde Entwicklung.Nach dem Vorbild der Mutterlich mit patentierten GOS\/FOS und mit LCP Milupan\u00ae \u2013 alle Produkte von Milupa jetzt mit hohem Rabatt sichern!<\/p>\n","protected":false},"featured_media":0,"template":"","meta":{"_acf_changed":false},"product_brand":[1011],"product_cat":[308],"product_tag":[],"class_list":{"0":"post-35700","1":"product","2":"type-product","3":"status-publish","5":"product_brand-milupa","6":"product_cat-m","7":"pa_packungsgroesse-24-stueck","9":"first","10":"instock","11":"shipping-taxable","12":"purchasable","13":"product-type-simple"},"acf":[],"_links":{"self":[{"href":"https:\/\/www.hirtenberg-apotheke.at\/katalog\/wp-json\/wp\/v2\/product\/35700","targetHints":{"allow":["GET"]}}],"collection":[{"href":"https:\/\/www.hirtenberg-apotheke.at\/katalog\/wp-json\/wp\/v2\/product"}],"about":[{"href":"https:\/\/www.hirtenberg-apotheke.at\/katalog\/wp-json\/wp\/v2\/types\/product"}],"wp:attachment":[{"href":"https:\/\/www.hirtenberg-apotheke.at\/katalog\/wp-json\/wp\/v2\/media?parent=35700"}],"wp:term":[{"taxonomy":"product_brand","embeddable":true,"href":"https:\/\/www.hirtenberg-apotheke.at\/katalog\/wp-json\/wp\/v2\/product_brand?post=35700"},{"taxonomy":"product_cat","embeddable":true,"href":"https:\/\/www.hirtenberg-apotheke.at\/katalog\/wp-json\/wp\/v2\/product_cat?post=35700"},{"taxonomy":"product_tag","embeddable":true,"href":"https:\/\/www.hirtenberg-apotheke.at\/katalog\/wp-json\/wp\/v2\/product_tag?post=35700"}],"curies":[{"name":"wp","href":"https:\/\/api.w.org\/{rel}","templated":true}]}}