{"id":35822,"date":"2025-11-25T23:21:24","date_gmt":"2025-11-25T22:21:24","guid":{"rendered":"https:\/\/www.hirtenberg-apotheke.at\/katalog\/produkt\/dline-mc-brustwarzenpflege-50-ml\/"},"modified":"2025-11-25T23:22:21","modified_gmt":"2025-11-25T22:22:21","slug":"dline-mc-brustwarzenpflege-50-ml","status":"publish","type":"product","link":"https:\/\/www.hirtenberg-apotheke.at\/katalog\/produkt\/dline-mc-brustwarzenpflege-50-ml\/","title":{"rendered":"Dline MC Brustwarzenpflege 50 ml"},"content":{"rendered":"<p>Der MC\u00ae MammaCare Brustwarzenpflege- und schutz ist eine hochwertige, hypoallergene, hautberuhigende und hautaufbauende Spezialpflege f\u00fcr den Brustwarzenbereich. MammaCare wurde speziell f\u00fcr stillende M\u00fctter entwickelt. Daher ist er sehr gut geeignet zum Eincremen vor und nach dem Abpumpen<\/p>\n","protected":false},"excerpt":{"rendered":"<p>Der MC\u00ae MammaCare Brustwarzenpflege- und schutz ist eine hochwertige, hypoallergene, hautberuhigende und hautaufbauende Spezialpflege f\u00fcr den Brustwarzenbereich. MammaCare wurde speziell f\u00fcr stillende M\u00fctter entwickelt. Daher ist er sehr gut geeignet zum Eincremen vor und nach dem Abpumpen<\/p>\n","protected":false},"featured_media":35824,"template":"","meta":{"_acf_changed":false},"product_brand":[],"product_cat":[295],"product_tag":[],"class_list":{"0":"post-35822","1":"product","2":"type-product","3":"status-publish","4":"has-post-thumbnail","6":"product_cat-d","7":"pa_packungsgroesse-50ml","9":"first","10":"instock","11":"shipping-taxable","12":"purchasable","13":"product-type-simple"},"acf":[],"_links":{"self":[{"href":"https:\/\/www.hirtenberg-apotheke.at\/katalog\/wp-json\/wp\/v2\/product\/35822","targetHints":{"allow":["GET"]}}],"collection":[{"href":"https:\/\/www.hirtenberg-apotheke.at\/katalog\/wp-json\/wp\/v2\/product"}],"about":[{"href":"https:\/\/www.hirtenberg-apotheke.at\/katalog\/wp-json\/wp\/v2\/types\/product"}],"wp:featuredmedia":[{"embeddable":true,"href":"https:\/\/www.hirtenberg-apotheke.at\/katalog\/wp-json\/wp\/v2\/media\/35824"}],"wp:attachment":[{"href":"https:\/\/www.hirtenberg-apotheke.at\/katalog\/wp-json\/wp\/v2\/media?parent=35822"}],"wp:term":[{"taxonomy":"product_brand","embeddable":true,"href":"https:\/\/www.hirtenberg-apotheke.at\/katalog\/wp-json\/wp\/v2\/product_brand?post=35822"},{"taxonomy":"product_cat","embeddable":true,"href":"https:\/\/www.hirtenberg-apotheke.at\/katalog\/wp-json\/wp\/v2\/product_cat?post=35822"},{"taxonomy":"product_tag","embeddable":true,"href":"https:\/\/www.hirtenberg-apotheke.at\/katalog\/wp-json\/wp\/v2\/product_tag?post=35822"}],"curies":[{"name":"wp","href":"https:\/\/api.w.org\/{rel}","templated":true}]}}