{"id":35847,"date":"2025-11-25T23:22:25","date_gmt":"2025-11-25T22:22:25","guid":{"rendered":"https:\/\/www.hirtenberg-apotheke.at\/katalog\/produkt\/kirschsteinsack-bio-25-x-25-cm-1-stk\/"},"modified":"2025-11-25T23:22:44","modified_gmt":"2025-11-25T22:22:44","slug":"kirschsteinsack-bio-25-x-25-cm-1-stk","status":"publish","type":"product","link":"https:\/\/www.hirtenberg-apotheke.at\/katalog\/produkt\/kirschsteinsack-bio-25-x-25-cm-1-stk\/","title":{"rendered":"Kirschsteinsack Bio  25 x 25 cm 1 Stk."},"content":{"rendered":"<p>Kirschsteinsack Bio ist ein uraltes Hausmittel. Da sich absolut trockene Kirschsteine mit Hitze aufladen und diese gezielt an die betroffenen K\u00f6rperstellen abgeben, kann man den Bio-Kirschsteinsack wie eine trockene W\u00e4rmflasche benutzen. Er eignet sich aber auch hervorragend als K\u00e4ltekompresse, dazu wird er einfach in das Gefrierfach oder den K\u00fchlschrank gelegt.<\/p>\n","protected":false},"excerpt":{"rendered":"<p>Kirschsteinsack Bio ist ein uraltes Hausmittel. Da sich absolut trockene Kirschsteine mit Hitze aufladen und diese gezielt an die betroffenen K\u00f6rperstellen abgeben, kann man den Bio-Kirschsteinsack wie eine trockene W\u00e4rmflasche benutzen. Er eignet sich aber auch hervorragend als K\u00e4ltekompresse, dazu wird er einfach in das Gefrierfach oder den K\u00fchlschrank gelegt.<\/p>\n","protected":false},"featured_media":35849,"template":"","meta":{"_acf_changed":false},"product_brand":[],"product_cat":[387],"product_tag":[],"class_list":{"0":"post-35847","1":"product","2":"type-product","3":"status-publish","4":"has-post-thumbnail","6":"product_cat-k","7":"pa_packungsgroesse-1-stueck","9":"first","10":"instock","11":"shipping-taxable","12":"purchasable","13":"product-type-simple"},"acf":[],"_links":{"self":[{"href":"https:\/\/www.hirtenberg-apotheke.at\/katalog\/wp-json\/wp\/v2\/product\/35847","targetHints":{"allow":["GET"]}}],"collection":[{"href":"https:\/\/www.hirtenberg-apotheke.at\/katalog\/wp-json\/wp\/v2\/product"}],"about":[{"href":"https:\/\/www.hirtenberg-apotheke.at\/katalog\/wp-json\/wp\/v2\/types\/product"}],"wp:featuredmedia":[{"embeddable":true,"href":"https:\/\/www.hirtenberg-apotheke.at\/katalog\/wp-json\/wp\/v2\/media\/35849"}],"wp:attachment":[{"href":"https:\/\/www.hirtenberg-apotheke.at\/katalog\/wp-json\/wp\/v2\/media?parent=35847"}],"wp:term":[{"taxonomy":"product_brand","embeddable":true,"href":"https:\/\/www.hirtenberg-apotheke.at\/katalog\/wp-json\/wp\/v2\/product_brand?post=35847"},{"taxonomy":"product_cat","embeddable":true,"href":"https:\/\/www.hirtenberg-apotheke.at\/katalog\/wp-json\/wp\/v2\/product_cat?post=35847"},{"taxonomy":"product_tag","embeddable":true,"href":"https:\/\/www.hirtenberg-apotheke.at\/katalog\/wp-json\/wp\/v2\/product_tag?post=35847"}],"curies":[{"name":"wp","href":"https:\/\/api.w.org\/{rel}","templated":true}]}}