{"id":35891,"date":"2025-11-25T23:23:08","date_gmt":"2025-11-25T22:23:08","guid":{"rendered":"https:\/\/www.hirtenberg-apotheke.at\/katalog\/produkt\/tinti-waschschaum-blau-75-ml\/"},"modified":"2025-11-25T23:23:21","modified_gmt":"2025-11-25T22:23:21","slug":"tinti-waschschaum-blau-75-ml","status":"publish","type":"product","link":"https:\/\/www.hirtenberg-apotheke.at\/katalog\/produkt\/tinti-waschschaum-blau-75-ml\/","title":{"rendered":"Tinti Waschschaum Blau 75 ml"},"content":{"rendered":"<p>Tinti Waschschaum Blau ist besonders cremig und reinigt mit bunten Schaumbergen. Er eignet sich sowohl f\u00fcr die Dusche als auch f\u00fcr die Badewanne und ist in den Farben Blau und Rosa erh\u00e4ltlich. Die beinhaltete Natur- oder Lebensmittelfarben f\u00e4rbt weder Haut, noch Wanne.<\/p>\n","protected":false},"excerpt":{"rendered":"<p>Tinti Waschschaum Blau ist besonders cremig und reinigt mit bunten Schaumbergen. Er eignet sich sowohl f\u00fcr die Dusche als auch f\u00fcr die Badewanne und ist in den Farben Blau und Rosa erh\u00e4ltlich. Die beinhaltete Natur- oder Lebensmittelfarben f\u00e4rbt weder Haut, noch Wanne.<\/p>\n","protected":false},"featured_media":0,"template":"","meta":{"_acf_changed":false},"product_brand":[1014],"product_cat":[319],"product_tag":[],"class_list":{"0":"post-35891","1":"product","2":"type-product","3":"status-publish","5":"product_brand-tinti","6":"product_cat-t","7":"pa_packungsgroesse-75ml","9":"first","10":"instock","11":"shipping-taxable","12":"purchasable","13":"product-type-simple"},"acf":[],"_links":{"self":[{"href":"https:\/\/www.hirtenberg-apotheke.at\/katalog\/wp-json\/wp\/v2\/product\/35891","targetHints":{"allow":["GET"]}}],"collection":[{"href":"https:\/\/www.hirtenberg-apotheke.at\/katalog\/wp-json\/wp\/v2\/product"}],"about":[{"href":"https:\/\/www.hirtenberg-apotheke.at\/katalog\/wp-json\/wp\/v2\/types\/product"}],"wp:attachment":[{"href":"https:\/\/www.hirtenberg-apotheke.at\/katalog\/wp-json\/wp\/v2\/media?parent=35891"}],"wp:term":[{"taxonomy":"product_brand","embeddable":true,"href":"https:\/\/www.hirtenberg-apotheke.at\/katalog\/wp-json\/wp\/v2\/product_brand?post=35891"},{"taxonomy":"product_cat","embeddable":true,"href":"https:\/\/www.hirtenberg-apotheke.at\/katalog\/wp-json\/wp\/v2\/product_cat?post=35891"},{"taxonomy":"product_tag","embeddable":true,"href":"https:\/\/www.hirtenberg-apotheke.at\/katalog\/wp-json\/wp\/v2\/product_tag?post=35891"}],"curies":[{"name":"wp","href":"https:\/\/api.w.org\/{rel}","templated":true}]}}