{"id":36020,"date":"2025-11-25T23:25:14","date_gmt":"2025-11-25T22:25:14","guid":{"rendered":"https:\/\/www.hirtenberg-apotheke.at\/katalog\/produkt\/holle-bio-vollkorngetreidebrei-hirse-250-g\/"},"modified":"2025-11-25T23:25:33","modified_gmt":"2025-11-25T22:25:33","slug":"holle-bio-vollkorngetreidebrei-hirse-250-g","status":"publish","type":"product","link":"https:\/\/www.hirtenberg-apotheke.at\/katalog\/produkt\/holle-bio-vollkorngetreidebrei-hirse-250-g\/","title":{"rendered":"Holle BIO-Vollkorngetreidebrei Hirse 250 g"},"content":{"rendered":"<p>Holle BIO-Vollkorngetreidebrei Hirse eignet sich besonders gut f\u00fcr den Beginn mit Beikost, fr\u00fchestens nach dem 4. Lebensmonat als Teil einer gemischten Ern\u00e4hrung.<\/p>\n","protected":false},"excerpt":{"rendered":"<p>Holle BIO-Vollkorngetreidebrei Hirse eignet sich besonders gut f\u00fcr den Beginn mit Beikost, fr\u00fchestens nach dem 4. Lebensmonat als Teil einer gemischten Ern\u00e4hrung.<\/p>\n","protected":false},"featured_media":0,"template":"","meta":{"_acf_changed":false},"product_brand":[],"product_cat":[330],"product_tag":[],"class_list":{"0":"post-36020","1":"product","2":"type-product","3":"status-publish","5":"product_cat-h","6":"pa_packungsgroesse-250g","8":"first","9":"instock","10":"shipping-taxable","11":"purchasable","12":"product-type-simple"},"acf":[],"_links":{"self":[{"href":"https:\/\/www.hirtenberg-apotheke.at\/katalog\/wp-json\/wp\/v2\/product\/36020","targetHints":{"allow":["GET"]}}],"collection":[{"href":"https:\/\/www.hirtenberg-apotheke.at\/katalog\/wp-json\/wp\/v2\/product"}],"about":[{"href":"https:\/\/www.hirtenberg-apotheke.at\/katalog\/wp-json\/wp\/v2\/types\/product"}],"wp:attachment":[{"href":"https:\/\/www.hirtenberg-apotheke.at\/katalog\/wp-json\/wp\/v2\/media?parent=36020"}],"wp:term":[{"taxonomy":"product_brand","embeddable":true,"href":"https:\/\/www.hirtenberg-apotheke.at\/katalog\/wp-json\/wp\/v2\/product_brand?post=36020"},{"taxonomy":"product_cat","embeddable":true,"href":"https:\/\/www.hirtenberg-apotheke.at\/katalog\/wp-json\/wp\/v2\/product_cat?post=36020"},{"taxonomy":"product_tag","embeddable":true,"href":"https:\/\/www.hirtenberg-apotheke.at\/katalog\/wp-json\/wp\/v2\/product_tag?post=36020"}],"curies":[{"name":"wp","href":"https:\/\/api.w.org\/{rel}","templated":true}]}}