{"id":36106,"date":"2025-11-25T23:26:57","date_gmt":"2025-11-25T22:26:57","guid":{"rendered":"https:\/\/www.hirtenberg-apotheke.at\/katalog\/produkt\/exmonte-mandarine-ohne-paraffine-balsam-100-ml\/"},"modified":"2025-11-25T23:27:01","modified_gmt":"2025-11-25T22:27:01","slug":"exmonte-mandarine-ohne-paraffine-balsam-100-ml","status":"publish","type":"product","link":"https:\/\/www.hirtenberg-apotheke.at\/katalog\/produkt\/exmonte-mandarine-ohne-paraffine-balsam-100-ml\/","title":{"rendered":"Exmonte Mandarine ohne Paraffine Balsam 100 ml"},"content":{"rendered":"<p>Exmonte Mandarinbalsam ist ein Muskel-, Sport- und Gelenksbalsam wird mit hochwertigen \u00e4therischen \u00d6len aus Wildwuchs bzw. kontrolliert biologischem Anbau hergestellt. Er eignet sich besonders zur Sportmassage bei \u00dcberanstrengung des Bewegungsapparates, da er vorwiegend zur Lockerung der Muskulatur eingesetzt wird. Die Durchblutung der Haut wird angeregt und das Wohlbefinden gesteigert. Traditionelle, \u00e4therische \u00d6le aus der chinesischen Medizin geben beanspruchten Muskeln die ben\u00f6tigte Frische und Kraft. Unser Muskel-, Sport-, und Gelenksbalsam wird mit hochwertigen \u00e4therischen \u00d6len aus Wildwuchs bzw. kontrolliert biologischem Anbau hergestellt. Die Durchblutung der Haut wird angeregt und das Wohlbefinden gesteigert. Dar\u00fcber hinaus sind Einreibungen im Brust- und Halsbereich wohltuend f\u00fcr die Atemwege. Der Mandarin-Balsam, f\u00fcr den s\u00e4mtliche Zutaten sorgf\u00e4ltig ausgew\u00e4hlt wurden, wird unter strengsten Kriterien hergestellt..<\/p>\n","protected":false},"excerpt":{"rendered":"<p>Exmonte Mandarinbalsam ist ein Muskel-, Sport- und Gelenksbalsam wird mit hochwertigen \u00e4therischen \u00d6len aus Wildwuchs bzw. kontrolliert biologischem Anbau hergestellt. Er eignet sich besonders zur Sportmassage bei \u00dcberanstrengung des Bewegungsapparates, da er vorwiegend zur Lockerung der Muskulatur eingesetzt wird. Die Durchblutung der Haut wird angeregt und das Wohlbefinden gesteigert. Traditionelle, \u00e4therische \u00d6le aus der chinesischen [&hellip;]<\/p>\n","protected":false},"featured_media":0,"template":"","meta":{"_acf_changed":false},"product_brand":[],"product_cat":[307],"product_tag":[],"class_list":{"0":"post-36106","1":"product","2":"type-product","3":"status-publish","5":"product_cat-e","6":"pa_packungsgroesse-100ml","8":"first","9":"instock","10":"shipping-taxable","11":"purchasable","12":"product-type-simple"},"acf":[],"_links":{"self":[{"href":"https:\/\/www.hirtenberg-apotheke.at\/katalog\/wp-json\/wp\/v2\/product\/36106","targetHints":{"allow":["GET"]}}],"collection":[{"href":"https:\/\/www.hirtenberg-apotheke.at\/katalog\/wp-json\/wp\/v2\/product"}],"about":[{"href":"https:\/\/www.hirtenberg-apotheke.at\/katalog\/wp-json\/wp\/v2\/types\/product"}],"wp:attachment":[{"href":"https:\/\/www.hirtenberg-apotheke.at\/katalog\/wp-json\/wp\/v2\/media?parent=36106"}],"wp:term":[{"taxonomy":"product_brand","embeddable":true,"href":"https:\/\/www.hirtenberg-apotheke.at\/katalog\/wp-json\/wp\/v2\/product_brand?post=36106"},{"taxonomy":"product_cat","embeddable":true,"href":"https:\/\/www.hirtenberg-apotheke.at\/katalog\/wp-json\/wp\/v2\/product_cat?post=36106"},{"taxonomy":"product_tag","embeddable":true,"href":"https:\/\/www.hirtenberg-apotheke.at\/katalog\/wp-json\/wp\/v2\/product_tag?post=36106"}],"curies":[{"name":"wp","href":"https:\/\/api.w.org\/{rel}","templated":true}]}}