{"id":36209,"date":"2025-11-25T23:28:37","date_gmt":"2025-11-25T22:28:37","guid":{"rendered":"https:\/\/www.hirtenberg-apotheke.at\/katalog\/produkt\/btonic-silver-bones-60-stk\/"},"modified":"2025-11-25T23:28:55","modified_gmt":"2025-11-25T22:28:55","slug":"btonic-silver-bones-60-stk","status":"publish","type":"product","link":"https:\/\/www.hirtenberg-apotheke.at\/katalog\/produkt\/btonic-silver-bones-60-stk\/","title":{"rendered":"B!TONIC Silver Bones 60 Stk."},"content":{"rendered":"<p>B!TONIC Silver Bones enthalten einen Gelenkschutz-Komplex mit Glucosamin f\u00fcr gesunde Knochen und Gelenke. Glucosamin hilft beim Aufbau von Knorpelgewebe, unterst\u00fctzt das Bindegewebe und erh\u00e4lt die Knochengesundheit. Die Vitamine K2 + D2 verbessern die Calciumaufnahme und dessen Einlagerung in den Knochen.<\/p>\n","protected":false},"excerpt":{"rendered":"<p>B!TONIC Silver Bones enthalten einen Gelenkschutz-Komplex mit Glucosamin f\u00fcr gesunde Knochen und Gelenke. Glucosamin hilft beim Aufbau von Knorpelgewebe, unterst\u00fctzt das Bindegewebe und erh\u00e4lt die Knochengesundheit. Die Vitamine K2 + D2 verbessern die Calciumaufnahme und dessen Einlagerung in den Knochen.<\/p>\n","protected":false},"featured_media":36211,"template":"","meta":{"_acf_changed":false},"product_brand":[],"product_cat":[292],"product_tag":[],"class_list":{"0":"post-36209","1":"product","2":"type-product","3":"status-publish","4":"has-post-thumbnail","6":"product_cat-b","7":"pa_packungsgroesse-60-stueck","9":"first","10":"instock","11":"shipping-taxable","12":"purchasable","13":"product-type-simple"},"acf":[],"_links":{"self":[{"href":"https:\/\/www.hirtenberg-apotheke.at\/katalog\/wp-json\/wp\/v2\/product\/36209","targetHints":{"allow":["GET"]}}],"collection":[{"href":"https:\/\/www.hirtenberg-apotheke.at\/katalog\/wp-json\/wp\/v2\/product"}],"about":[{"href":"https:\/\/www.hirtenberg-apotheke.at\/katalog\/wp-json\/wp\/v2\/types\/product"}],"wp:featuredmedia":[{"embeddable":true,"href":"https:\/\/www.hirtenberg-apotheke.at\/katalog\/wp-json\/wp\/v2\/media\/36211"}],"wp:attachment":[{"href":"https:\/\/www.hirtenberg-apotheke.at\/katalog\/wp-json\/wp\/v2\/media?parent=36209"}],"wp:term":[{"taxonomy":"product_brand","embeddable":true,"href":"https:\/\/www.hirtenberg-apotheke.at\/katalog\/wp-json\/wp\/v2\/product_brand?post=36209"},{"taxonomy":"product_cat","embeddable":true,"href":"https:\/\/www.hirtenberg-apotheke.at\/katalog\/wp-json\/wp\/v2\/product_cat?post=36209"},{"taxonomy":"product_tag","embeddable":true,"href":"https:\/\/www.hirtenberg-apotheke.at\/katalog\/wp-json\/wp\/v2\/product_tag?post=36209"}],"curies":[{"name":"wp","href":"https:\/\/api.w.org\/{rel}","templated":true}]}}