{"id":36232,"date":"2025-11-25T23:28:37","date_gmt":"2025-11-25T22:28:37","guid":{"rendered":"https:\/\/www.hirtenberg-apotheke.at\/katalog\/produkt\/folsaeure-300mcg-kapseln\/"},"modified":"2025-11-25T23:29:24","modified_gmt":"2025-11-25T22:29:24","slug":"folsaeure-300mcg-kapseln","status":"publish","type":"product","link":"https:\/\/www.hirtenberg-apotheke.at\/katalog\/produkt\/folsaeure-300mcg-kapseln\/","title":{"rendered":"Fols\u00e4ure 300mcg Kapseln"},"content":{"rendered":"<p>Gall Pharma Gall Pharma Fols\u00e4ure 300 \u00b5g Kapseln enthalten 1,4 mg Vitamin B1, 2 mg Vitamin B6, 3 \u00b5g Vitamin B12 und 300 \u00b5g Fols\u00e4ure in drei Hartgelatinekapseln. Die Gruppe der B-Vitamine wird auf Grund ihrer Wasserl\u00f6slichkeit im K\u00f6rper nicht gespeichert und sollte durch die Nahrung oder Erg\u00e4nzungen ausreichend zugef\u00fchrt werden. Insbesondere die Fols\u00e4ure und Vitamin B12 arbeiten sehr eng zusammen und sind f\u00fcr den Eiwei\u00dfstoffwechsel wichtig. Sie spielt unter anderem eine wichtige Rolle f\u00fcr Wachstum und Entwicklung, darum ist die ausreichende Versorgung mit Fols\u00e4ure besonders wichtig in der Schwangerschaft.<\/p>\n","protected":false},"excerpt":{"rendered":"<p>Gall Pharma Gall Pharma Fols\u00e4ure 300 \u00b5g Kapseln enthalten 1,4 mg Vitamin B1, 2 mg Vitamin B6, 3 \u00b5g Vitamin B12 und 300 \u00b5g Fols\u00e4ure in drei Hartgelatinekapseln. Die Gruppe der B-Vitamine wird auf Grund ihrer Wasserl\u00f6slichkeit im K\u00f6rper nicht gespeichert und sollte durch die Nahrung oder Erg\u00e4nzungen ausreichend zugef\u00fchrt werden. Insbesondere die Fols\u00e4ure und [&hellip;]<\/p>\n","protected":false},"featured_media":36234,"template":"","meta":{"_acf_changed":false},"product_brand":[316],"product_cat":[322],"product_tag":[],"class_list":{"0":"post-36232","1":"product","2":"type-product","3":"status-publish","4":"has-post-thumbnail","6":"product_brand-gall-pharma","7":"product_cat-f","8":"pa_packungsgroesse-60-stueck","10":"first","11":"instock","12":"shipping-taxable","13":"purchasable","14":"product-type-simple"},"acf":[],"_links":{"self":[{"href":"https:\/\/www.hirtenberg-apotheke.at\/katalog\/wp-json\/wp\/v2\/product\/36232","targetHints":{"allow":["GET"]}}],"collection":[{"href":"https:\/\/www.hirtenberg-apotheke.at\/katalog\/wp-json\/wp\/v2\/product"}],"about":[{"href":"https:\/\/www.hirtenberg-apotheke.at\/katalog\/wp-json\/wp\/v2\/types\/product"}],"wp:featuredmedia":[{"embeddable":true,"href":"https:\/\/www.hirtenberg-apotheke.at\/katalog\/wp-json\/wp\/v2\/media\/36234"}],"wp:attachment":[{"href":"https:\/\/www.hirtenberg-apotheke.at\/katalog\/wp-json\/wp\/v2\/media?parent=36232"}],"wp:term":[{"taxonomy":"product_brand","embeddable":true,"href":"https:\/\/www.hirtenberg-apotheke.at\/katalog\/wp-json\/wp\/v2\/product_brand?post=36232"},{"taxonomy":"product_cat","embeddable":true,"href":"https:\/\/www.hirtenberg-apotheke.at\/katalog\/wp-json\/wp\/v2\/product_cat?post=36232"},{"taxonomy":"product_tag","embeddable":true,"href":"https:\/\/www.hirtenberg-apotheke.at\/katalog\/wp-json\/wp\/v2\/product_tag?post=36232"}],"curies":[{"name":"wp","href":"https:\/\/api.w.org\/{rel}","templated":true}]}}