{"id":36290,"date":"2025-11-25T23:30:10","date_gmt":"2025-11-25T22:30:10","guid":{"rendered":"https:\/\/www.hirtenberg-apotheke.at\/katalog\/produkt\/thorne-research-5-mthf-kapseln-60-stk\/"},"modified":"2025-11-25T23:30:18","modified_gmt":"2025-11-25T22:30:18","slug":"thorne-research-5-mthf-kapseln-60-stk","status":"publish","type":"product","link":"https:\/\/www.hirtenberg-apotheke.at\/katalog\/produkt\/thorne-research-5-mthf-kapseln-60-stk\/","title":{"rendered":"Thorne Research 5-MTHF Kapseln 60 Stk."},"content":{"rendered":"<p>Thorne Research 5-MTHF Kapseln tragen zur normalen Blutbildung, normalen Funktion des Immunsystems und zur Aufrechterhaltung eines normalen Homocysteinspiegels bei. Bei Schwangeren und Frauen, die schwanger werden wollen, tr\u00e4gt die enthaltene Fols\u00e4ure zum normalen m\u00fctterlichen Gewebewachstum w\u00e4hrend der Schwangerschaft bei.<\/p>\n","protected":false},"excerpt":{"rendered":"<p>Thorne Research 5-MTHF Kapseln tragen zur normalen Blutbildung, normalen Funktion des Immunsystems und zur Aufrechterhaltung eines normalen Homocysteinspiegels bei. Bei Schwangeren und Frauen, die schwanger werden wollen, tr\u00e4gt die enthaltene Fols\u00e4ure zum normalen m\u00fctterlichen Gewebewachstum w\u00e4hrend der Schwangerschaft bei.<\/p>\n","protected":false},"featured_media":36292,"template":"","meta":{"_acf_changed":false},"product_brand":[],"product_cat":[319],"product_tag":[],"class_list":{"0":"post-36290","1":"product","2":"type-product","3":"status-publish","4":"has-post-thumbnail","6":"product_cat-t","7":"pa_packungsgroesse-60-stueck","9":"first","10":"instock","11":"shipping-taxable","12":"purchasable","13":"product-type-simple"},"acf":[],"_links":{"self":[{"href":"https:\/\/www.hirtenberg-apotheke.at\/katalog\/wp-json\/wp\/v2\/product\/36290","targetHints":{"allow":["GET"]}}],"collection":[{"href":"https:\/\/www.hirtenberg-apotheke.at\/katalog\/wp-json\/wp\/v2\/product"}],"about":[{"href":"https:\/\/www.hirtenberg-apotheke.at\/katalog\/wp-json\/wp\/v2\/types\/product"}],"wp:featuredmedia":[{"embeddable":true,"href":"https:\/\/www.hirtenberg-apotheke.at\/katalog\/wp-json\/wp\/v2\/media\/36292"}],"wp:attachment":[{"href":"https:\/\/www.hirtenberg-apotheke.at\/katalog\/wp-json\/wp\/v2\/media?parent=36290"}],"wp:term":[{"taxonomy":"product_brand","embeddable":true,"href":"https:\/\/www.hirtenberg-apotheke.at\/katalog\/wp-json\/wp\/v2\/product_brand?post=36290"},{"taxonomy":"product_cat","embeddable":true,"href":"https:\/\/www.hirtenberg-apotheke.at\/katalog\/wp-json\/wp\/v2\/product_cat?post=36290"},{"taxonomy":"product_tag","embeddable":true,"href":"https:\/\/www.hirtenberg-apotheke.at\/katalog\/wp-json\/wp\/v2\/product_tag?post=36290"}],"curies":[{"name":"wp","href":"https:\/\/api.w.org\/{rel}","templated":true}]}}