{"id":36351,"date":"2025-11-25T23:31:02","date_gmt":"2025-11-25T22:31:02","guid":{"rendered":"https:\/\/www.hirtenberg-apotheke.at\/katalog\/produkt\/weleda-calendula-waschlotion-shampoo-20-ml\/"},"modified":"2025-11-25T23:31:06","modified_gmt":"2025-11-25T22:31:06","slug":"weleda-calendula-waschlotion-shampoo-20-ml","status":"publish","type":"product","link":"https:\/\/www.hirtenberg-apotheke.at\/katalog\/produkt\/weleda-calendula-waschlotion-shampoo-20-ml\/","title":{"rendered":"Weleda Calendula Waschlotion &#038; Shampoo 20 ml"},"content":{"rendered":"<p>Weleda Calendula Waschlotion &#038; Shampoo h\u00e4lt dank Sesam\u00f6l und Mandel\u00f6l die Feuchtigkeit in der Haut, sch\u00fctzt vor dem Austrocknen und sorgt f\u00fcr ein seidig-zartes Haut- und Haargef\u00fchl. Dieses Produkt reinigt Haar und Haut sehr schonend und ist zudem sehr mild zu den Augen. Beruhigt die Haut.<\/p>\n","protected":false},"excerpt":{"rendered":"<p>Weleda Calendula Waschlotion &#038; Shampoo h\u00e4lt dank Sesam\u00f6l und Mandel\u00f6l die Feuchtigkeit in der Haut, sch\u00fctzt vor dem Austrocknen und sorgt f\u00fcr ein seidig-zartes Haut- und Haargef\u00fchl. Dieses Produkt reinigt Haar und Haut sehr schonend und ist zudem sehr mild zu den Augen. Beruhigt die Haut.<\/p>\n","protected":false},"featured_media":36353,"template":"","meta":{"_acf_changed":false},"product_brand":[554],"product_cat":[368],"product_tag":[],"class_list":{"0":"post-36351","1":"product","2":"type-product","3":"status-publish","4":"has-post-thumbnail","6":"product_brand-weleda","7":"product_cat-w","8":"pa_packungsgroesse-20ml","10":"first","11":"instock","12":"shipping-taxable","13":"purchasable","14":"product-type-simple"},"acf":[],"_links":{"self":[{"href":"https:\/\/www.hirtenberg-apotheke.at\/katalog\/wp-json\/wp\/v2\/product\/36351","targetHints":{"allow":["GET"]}}],"collection":[{"href":"https:\/\/www.hirtenberg-apotheke.at\/katalog\/wp-json\/wp\/v2\/product"}],"about":[{"href":"https:\/\/www.hirtenberg-apotheke.at\/katalog\/wp-json\/wp\/v2\/types\/product"}],"wp:featuredmedia":[{"embeddable":true,"href":"https:\/\/www.hirtenberg-apotheke.at\/katalog\/wp-json\/wp\/v2\/media\/36353"}],"wp:attachment":[{"href":"https:\/\/www.hirtenberg-apotheke.at\/katalog\/wp-json\/wp\/v2\/media?parent=36351"}],"wp:term":[{"taxonomy":"product_brand","embeddable":true,"href":"https:\/\/www.hirtenberg-apotheke.at\/katalog\/wp-json\/wp\/v2\/product_brand?post=36351"},{"taxonomy":"product_cat","embeddable":true,"href":"https:\/\/www.hirtenberg-apotheke.at\/katalog\/wp-json\/wp\/v2\/product_cat?post=36351"},{"taxonomy":"product_tag","embeddable":true,"href":"https:\/\/www.hirtenberg-apotheke.at\/katalog\/wp-json\/wp\/v2\/product_tag?post=36351"}],"curies":[{"name":"wp","href":"https:\/\/api.w.org\/{rel}","templated":true}]}}