{"id":36372,"date":"2025-11-25T23:31:02","date_gmt":"2025-11-25T22:31:02","guid":{"rendered":"https:\/\/www.hirtenberg-apotheke.at\/katalog\/produkt\/life-light-folsaeure-kapseln-60-stk\/"},"modified":"2025-11-25T23:31:21","modified_gmt":"2025-11-25T22:31:21","slug":"life-light-folsaeure-kapseln-60-stk","status":"publish","type":"product","link":"https:\/\/www.hirtenberg-apotheke.at\/katalog\/produkt\/life-light-folsaeure-kapseln-60-stk\/","title":{"rendered":"Life Light Fols\u00e4ure Kapseln 60 Stk."},"content":{"rendered":"<p>Life Light Fols\u00e4ure Kapseln tragen insbesondere zur normalen Funktion bei der Zellteilung und zur normalen Blutbildung bei. Fols\u00e4ure tr\u00e4gt zu einer normalen Blutbildung, einer normalen psychischen Funktion, einer normalen Funktion des Immunsystems und einem normalen Homocystein-Stoffwechsel bei. Sie hat eine Funktion bei der Zellteilung und tr\u00e4gt zudem zur Verringerung von M\u00fcdigkeit und Erm\u00fcdung bei.<\/p>\n","protected":false},"excerpt":{"rendered":"<p>Life Light Fols\u00e4ure Kapseln tragen insbesondere zur normalen Funktion bei der Zellteilung und zur normalen Blutbildung bei. Fols\u00e4ure tr\u00e4gt zu einer normalen Blutbildung, einer normalen psychischen Funktion, einer normalen Funktion des Immunsystems und einem normalen Homocystein-Stoffwechsel bei. Sie hat eine Funktion bei der Zellteilung und tr\u00e4gt zudem zur Verringerung von M\u00fcdigkeit und Erm\u00fcdung bei.<\/p>\n","protected":false},"featured_media":36374,"template":"","meta":{"_acf_changed":false},"product_brand":[],"product_cat":[317],"product_tag":[],"class_list":{"0":"post-36372","1":"product","2":"type-product","3":"status-publish","4":"has-post-thumbnail","6":"product_cat-l","7":"pa_packungsgroesse-60-stueck","9":"first","10":"instock","11":"shipping-taxable","12":"purchasable","13":"product-type-simple"},"acf":[],"_links":{"self":[{"href":"https:\/\/www.hirtenberg-apotheke.at\/katalog\/wp-json\/wp\/v2\/product\/36372","targetHints":{"allow":["GET"]}}],"collection":[{"href":"https:\/\/www.hirtenberg-apotheke.at\/katalog\/wp-json\/wp\/v2\/product"}],"about":[{"href":"https:\/\/www.hirtenberg-apotheke.at\/katalog\/wp-json\/wp\/v2\/types\/product"}],"wp:featuredmedia":[{"embeddable":true,"href":"https:\/\/www.hirtenberg-apotheke.at\/katalog\/wp-json\/wp\/v2\/media\/36374"}],"wp:attachment":[{"href":"https:\/\/www.hirtenberg-apotheke.at\/katalog\/wp-json\/wp\/v2\/media?parent=36372"}],"wp:term":[{"taxonomy":"product_brand","embeddable":true,"href":"https:\/\/www.hirtenberg-apotheke.at\/katalog\/wp-json\/wp\/v2\/product_brand?post=36372"},{"taxonomy":"product_cat","embeddable":true,"href":"https:\/\/www.hirtenberg-apotheke.at\/katalog\/wp-json\/wp\/v2\/product_cat?post=36372"},{"taxonomy":"product_tag","embeddable":true,"href":"https:\/\/www.hirtenberg-apotheke.at\/katalog\/wp-json\/wp\/v2\/product_tag?post=36372"}],"curies":[{"name":"wp","href":"https:\/\/api.w.org\/{rel}","templated":true}]}}