{"id":36392,"date":"2025-11-25T23:31:23","date_gmt":"2025-11-25T22:31:23","guid":{"rendered":"https:\/\/www.hirtenberg-apotheke.at\/katalog\/produkt\/dr-boehm-sonnencarotin-dragees-60-stk\/"},"modified":"2025-11-25T23:31:34","modified_gmt":"2025-11-25T22:31:34","slug":"dr-boehm-sonnencarotin-dragees-60-stk","status":"publish","type":"product","link":"https:\/\/www.hirtenberg-apotheke.at\/katalog\/produkt\/dr-boehm-sonnencarotin-dragees-60-stk\/","title":{"rendered":"Dr. B\u00f6hm Sonnencarotin Dragees 60 Stk."},"content":{"rendered":"<p>Dr. B\u00f6hm Sonnencarotin Dragees bieten eine gezielte N\u00e4hrstoffversorgung aus verscheidenen Carotinoiden und sch\u00fctzen die Hautzellen vor Sch\u00e4digung durch freie Radikale. Jetzt auf Rechnung bestellen, Sie bezahlen, wenn Sie 100% zufrieden sind!<\/p>\n","protected":false},"excerpt":{"rendered":"<p>Dr. B\u00f6hm Sonnencarotin Dragees bieten eine gezielte N\u00e4hrstoffversorgung aus verscheidenen Carotinoiden und sch\u00fctzen die Hautzellen vor Sch\u00e4digung durch freie Radikale. Jetzt auf Rechnung bestellen, Sie bezahlen, wenn Sie 100% zufrieden sind!<\/p>\n","protected":false},"featured_media":0,"template":"","meta":{"_acf_changed":false},"product_brand":[294],"product_cat":[295],"product_tag":[],"class_list":{"0":"post-36392","1":"product","2":"type-product","3":"status-publish","5":"product_brand-dr-boehm","6":"product_cat-d","7":"pa_packungsgroesse-60-stueck","9":"first","10":"instock","11":"shipping-taxable","12":"purchasable","13":"product-type-simple"},"acf":[],"_links":{"self":[{"href":"https:\/\/www.hirtenberg-apotheke.at\/katalog\/wp-json\/wp\/v2\/product\/36392","targetHints":{"allow":["GET"]}}],"collection":[{"href":"https:\/\/www.hirtenberg-apotheke.at\/katalog\/wp-json\/wp\/v2\/product"}],"about":[{"href":"https:\/\/www.hirtenberg-apotheke.at\/katalog\/wp-json\/wp\/v2\/types\/product"}],"wp:attachment":[{"href":"https:\/\/www.hirtenberg-apotheke.at\/katalog\/wp-json\/wp\/v2\/media?parent=36392"}],"wp:term":[{"taxonomy":"product_brand","embeddable":true,"href":"https:\/\/www.hirtenberg-apotheke.at\/katalog\/wp-json\/wp\/v2\/product_brand?post=36392"},{"taxonomy":"product_cat","embeddable":true,"href":"https:\/\/www.hirtenberg-apotheke.at\/katalog\/wp-json\/wp\/v2\/product_cat?post=36392"},{"taxonomy":"product_tag","embeddable":true,"href":"https:\/\/www.hirtenberg-apotheke.at\/katalog\/wp-json\/wp\/v2\/product_tag?post=36392"}],"curies":[{"name":"wp","href":"https:\/\/api.w.org\/{rel}","templated":true}]}}