{"id":36405,"date":"2025-11-25T23:31:23","date_gmt":"2025-11-25T22:31:23","guid":{"rendered":"https:\/\/www.hirtenberg-apotheke.at\/katalog\/produkt\/phytocarotin-kapseln-30-stk\/"},"modified":"2025-11-25T23:31:50","modified_gmt":"2025-11-25T22:31:50","slug":"phytocarotin-kapseln-30-stk","status":"publish","type":"product","link":"https:\/\/www.hirtenberg-apotheke.at\/katalog\/produkt\/phytocarotin-kapseln-30-stk\/","title":{"rendered":"Phytocarotin Kapseln 30 Stk."},"content":{"rendered":"<p>Phytocarotin Kapseln unterst\u00fctzen die Br\u00e4unung und sch\u00fctzen die Haut auf nat\u00fcrliche Weise. Die Br\u00e4unungs- und Hautschutz-Kapseln bewirken eine gleichm\u00e4\u00dfige Br\u00e4unung der Haut und verl\u00e4ngern die Eigenschutzzeit der Haut. Zudem wird der Haut mehr Elastizit\u00e4t und Festigkeit verliehen sowie der Feuchtigkeitsgehalt der Haut reguliert.<\/p>\n","protected":false},"excerpt":{"rendered":"<p>Phytocarotin Kapseln unterst\u00fctzen die Br\u00e4unung und sch\u00fctzen die Haut auf nat\u00fcrliche Weise. Die Br\u00e4unungs- und Hautschutz-Kapseln bewirken eine gleichm\u00e4\u00dfige Br\u00e4unung der Haut und verl\u00e4ngern die Eigenschutzzeit der Haut. Zudem wird der Haut mehr Elastizit\u00e4t und Festigkeit verliehen sowie der Feuchtigkeitsgehalt der Haut reguliert.<\/p>\n","protected":false},"featured_media":36407,"template":"","meta":{"_acf_changed":false},"product_brand":[],"product_cat":[302],"product_tag":[],"class_list":{"0":"post-36405","1":"product","2":"type-product","3":"status-publish","4":"has-post-thumbnail","6":"product_cat-p","7":"pa_packungsgroesse-30-stueck","9":"first","10":"instock","11":"shipping-taxable","12":"purchasable","13":"product-type-simple"},"acf":[],"_links":{"self":[{"href":"https:\/\/www.hirtenberg-apotheke.at\/katalog\/wp-json\/wp\/v2\/product\/36405","targetHints":{"allow":["GET"]}}],"collection":[{"href":"https:\/\/www.hirtenberg-apotheke.at\/katalog\/wp-json\/wp\/v2\/product"}],"about":[{"href":"https:\/\/www.hirtenberg-apotheke.at\/katalog\/wp-json\/wp\/v2\/types\/product"}],"wp:featuredmedia":[{"embeddable":true,"href":"https:\/\/www.hirtenberg-apotheke.at\/katalog\/wp-json\/wp\/v2\/media\/36407"}],"wp:attachment":[{"href":"https:\/\/www.hirtenberg-apotheke.at\/katalog\/wp-json\/wp\/v2\/media?parent=36405"}],"wp:term":[{"taxonomy":"product_brand","embeddable":true,"href":"https:\/\/www.hirtenberg-apotheke.at\/katalog\/wp-json\/wp\/v2\/product_brand?post=36405"},{"taxonomy":"product_cat","embeddable":true,"href":"https:\/\/www.hirtenberg-apotheke.at\/katalog\/wp-json\/wp\/v2\/product_cat?post=36405"},{"taxonomy":"product_tag","embeddable":true,"href":"https:\/\/www.hirtenberg-apotheke.at\/katalog\/wp-json\/wp\/v2\/product_tag?post=36405"}],"curies":[{"name":"wp","href":"https:\/\/api.w.org\/{rel}","templated":true}]}}