{"id":36408,"date":"2025-11-25T23:31:23","date_gmt":"2025-11-25T22:31:23","guid":{"rendered":"https:\/\/www.hirtenberg-apotheke.at\/katalog\/produkt\/hafesan-carotin-sonnenbraun-plus-kapseln-60-stk\/"},"modified":"2025-11-25T23:31:55","modified_gmt":"2025-11-25T22:31:55","slug":"hafesan-carotin-sonnenbraun-plus-kapseln-60-stk","status":"publish","type":"product","link":"https:\/\/www.hirtenberg-apotheke.at\/katalog\/produkt\/hafesan-carotin-sonnenbraun-plus-kapseln-60-stk\/","title":{"rendered":"Hafesan Carotin Sonnenbraun Plus Kapseln 60 Stk."},"content":{"rendered":"<p>Hafesan\u00ae Carotin Sonnenbraun Plus Kapseln beschleunigen den Br\u00e4unungsprozess der Haut auf nat\u00fcrliche Weise  und bieten einen zus\u00e4tzlichen Schutz bei Sonneneinwirkung oder Solariumbesuchen.<\/p>\n","protected":false},"excerpt":{"rendered":"<p>Hafesan\u00ae Carotin Sonnenbraun Plus Kapseln beschleunigen den Br\u00e4unungsprozess der Haut auf nat\u00fcrliche Weise und bieten einen zus\u00e4tzlichen Schutz bei Sonneneinwirkung oder Solariumbesuchen.<\/p>\n","protected":false},"featured_media":0,"template":"","meta":{"_acf_changed":false},"product_brand":[329],"product_cat":[330],"product_tag":[],"class_list":{"0":"post-36408","1":"product","2":"type-product","3":"status-publish","5":"product_brand-hafesan","6":"product_cat-h","7":"pa_packungsgroesse-60-stueck","9":"first","10":"instock","11":"shipping-taxable","12":"purchasable","13":"product-type-simple"},"acf":[],"_links":{"self":[{"href":"https:\/\/www.hirtenberg-apotheke.at\/katalog\/wp-json\/wp\/v2\/product\/36408","targetHints":{"allow":["GET"]}}],"collection":[{"href":"https:\/\/www.hirtenberg-apotheke.at\/katalog\/wp-json\/wp\/v2\/product"}],"about":[{"href":"https:\/\/www.hirtenberg-apotheke.at\/katalog\/wp-json\/wp\/v2\/types\/product"}],"wp:attachment":[{"href":"https:\/\/www.hirtenberg-apotheke.at\/katalog\/wp-json\/wp\/v2\/media?parent=36408"}],"wp:term":[{"taxonomy":"product_brand","embeddable":true,"href":"https:\/\/www.hirtenberg-apotheke.at\/katalog\/wp-json\/wp\/v2\/product_brand?post=36408"},{"taxonomy":"product_cat","embeddable":true,"href":"https:\/\/www.hirtenberg-apotheke.at\/katalog\/wp-json\/wp\/v2\/product_cat?post=36408"},{"taxonomy":"product_tag","embeddable":true,"href":"https:\/\/www.hirtenberg-apotheke.at\/katalog\/wp-json\/wp\/v2\/product_tag?post=36408"}],"curies":[{"name":"wp","href":"https:\/\/api.w.org\/{rel}","templated":true}]}}