{"id":36414,"date":"2025-11-25T23:31:54","date_gmt":"2025-11-25T22:31:54","guid":{"rendered":"https:\/\/www.hirtenberg-apotheke.at\/katalog\/produkt\/abtei-carotin-hautschutz-kapseln\/"},"modified":"2025-11-25T23:32:08","modified_gmt":"2025-11-25T22:32:08","slug":"abtei-carotin-hautschutz-kapseln","status":"publish","type":"product","link":"https:\/\/www.hirtenberg-apotheke.at\/katalog\/produkt\/abtei-carotin-hautschutz-kapseln\/","title":{"rendered":"Abtei Carotin Hautschutz Kapseln"},"content":{"rendered":"<p>Abtei Carotin Hautschutz Kapseln F\u00fcr gesunde und sch\u00f6ne Haut enthalten die Inhaltsstoffe Vitamin E, C und B2, welche den Schutz der Zellen vor oxidativem Stress unterst\u00fctzen. Vitamin C unterst\u00fctzt zudem die normale Kollagenbildung f\u00fcr eine gesunde Haut, w\u00e4hrend die Wirkstoffe Biotin und Niacin den Erhalt gesunder Haut gew\u00e4hrleisten.<\/p>\n","protected":false},"excerpt":{"rendered":"<p>Abtei Carotin Hautschutz Kapseln F\u00fcr gesunde und sch\u00f6ne Haut enthalten die Inhaltsstoffe Vitamin E, C und B2, welche den Schutz der Zellen vor oxidativem Stress unterst\u00fctzen. Vitamin C unterst\u00fctzt zudem die normale Kollagenbildung f\u00fcr eine gesunde Haut, w\u00e4hrend die Wirkstoffe Biotin und Niacin den Erhalt gesunder Haut gew\u00e4hrleisten.<\/p>\n","protected":false},"featured_media":36416,"template":"","meta":{"_acf_changed":false},"product_brand":[464],"product_cat":[299],"product_tag":[],"class_list":{"0":"post-36414","1":"product","2":"type-product","3":"status-publish","4":"has-post-thumbnail","6":"product_brand-abtei","7":"product_cat-a","8":"pa_packungsgroesse-50-stueck","10":"first","11":"instock","12":"shipping-taxable","13":"purchasable","14":"product-type-simple"},"acf":[],"_links":{"self":[{"href":"https:\/\/www.hirtenberg-apotheke.at\/katalog\/wp-json\/wp\/v2\/product\/36414","targetHints":{"allow":["GET"]}}],"collection":[{"href":"https:\/\/www.hirtenberg-apotheke.at\/katalog\/wp-json\/wp\/v2\/product"}],"about":[{"href":"https:\/\/www.hirtenberg-apotheke.at\/katalog\/wp-json\/wp\/v2\/types\/product"}],"wp:featuredmedia":[{"embeddable":true,"href":"https:\/\/www.hirtenberg-apotheke.at\/katalog\/wp-json\/wp\/v2\/media\/36416"}],"wp:attachment":[{"href":"https:\/\/www.hirtenberg-apotheke.at\/katalog\/wp-json\/wp\/v2\/media?parent=36414"}],"wp:term":[{"taxonomy":"product_brand","embeddable":true,"href":"https:\/\/www.hirtenberg-apotheke.at\/katalog\/wp-json\/wp\/v2\/product_brand?post=36414"},{"taxonomy":"product_cat","embeddable":true,"href":"https:\/\/www.hirtenberg-apotheke.at\/katalog\/wp-json\/wp\/v2\/product_cat?post=36414"},{"taxonomy":"product_tag","embeddable":true,"href":"https:\/\/www.hirtenberg-apotheke.at\/katalog\/wp-json\/wp\/v2\/product_tag?post=36414"}],"curies":[{"name":"wp","href":"https:\/\/api.w.org\/{rel}","templated":true}]}}