{"id":36429,"date":"2025-11-25T23:31:54","date_gmt":"2025-11-25T22:31:54","guid":{"rendered":"https:\/\/www.hirtenberg-apotheke.at\/katalog\/produkt\/la-roche-posay-anthelios-xl-lsf-50-creme-50-ml\/"},"modified":"2025-11-25T23:32:14","modified_gmt":"2025-11-25T22:32:14","slug":"la-roche-posay-anthelios-xl-lsf-50-creme-50-ml","status":"publish","type":"product","link":"https:\/\/www.hirtenberg-apotheke.at\/katalog\/produkt\/la-roche-posay-anthelios-xl-lsf-50-creme-50-ml\/","title":{"rendered":"La Roche-Posay Anthelios XL LSF 50+ Creme 50 ml"},"content":{"rendered":"<p>La Roche Posay Sonnen Anthelios XL Creme ist als Sonnenschutz f\u00fcr trockene Haut und auch bei zu Neurodermitis neigender Haut geeignet. Die feuchtigkeitsspendende, samtige Textur l\u00e4sst sich leicht auftragen und verteilen und hinterl\u00e4sst keine wei\u00dfen Spuren auf der Haut. Zus\u00e4zlich enth\u00e4lt die Sonnencreme noch hautberuhigendes Thermalwasser..<\/p>\n","protected":false},"excerpt":{"rendered":"<p>La Roche Posay Sonnen Anthelios XL Creme ist als Sonnenschutz f\u00fcr trockene Haut und auch bei zu Neurodermitis neigender Haut geeignet. Die feuchtigkeitsspendende, samtige Textur l\u00e4sst sich leicht auftragen und verteilen und hinterl\u00e4sst keine wei\u00dfen Spuren auf der Haut. Zus\u00e4zlich enth\u00e4lt die Sonnencreme noch hautberuhigendes Thermalwasser..<\/p>\n","protected":false},"featured_media":36431,"template":"","meta":{"_acf_changed":false},"product_brand":[692],"product_cat":[317],"product_tag":[],"class_list":{"0":"post-36429","1":"product","2":"type-product","3":"status-publish","4":"has-post-thumbnail","6":"product_brand-la-roche-posay","7":"product_cat-l","8":"pa_packungsgroesse-50ml","10":"first","11":"instock","12":"shipping-taxable","13":"purchasable","14":"product-type-simple"},"acf":[],"_links":{"self":[{"href":"https:\/\/www.hirtenberg-apotheke.at\/katalog\/wp-json\/wp\/v2\/product\/36429","targetHints":{"allow":["GET"]}}],"collection":[{"href":"https:\/\/www.hirtenberg-apotheke.at\/katalog\/wp-json\/wp\/v2\/product"}],"about":[{"href":"https:\/\/www.hirtenberg-apotheke.at\/katalog\/wp-json\/wp\/v2\/types\/product"}],"wp:featuredmedia":[{"embeddable":true,"href":"https:\/\/www.hirtenberg-apotheke.at\/katalog\/wp-json\/wp\/v2\/media\/36431"}],"wp:attachment":[{"href":"https:\/\/www.hirtenberg-apotheke.at\/katalog\/wp-json\/wp\/v2\/media?parent=36429"}],"wp:term":[{"taxonomy":"product_brand","embeddable":true,"href":"https:\/\/www.hirtenberg-apotheke.at\/katalog\/wp-json\/wp\/v2\/product_brand?post=36429"},{"taxonomy":"product_cat","embeddable":true,"href":"https:\/\/www.hirtenberg-apotheke.at\/katalog\/wp-json\/wp\/v2\/product_cat?post=36429"},{"taxonomy":"product_tag","embeddable":true,"href":"https:\/\/www.hirtenberg-apotheke.at\/katalog\/wp-json\/wp\/v2\/product_tag?post=36429"}],"curies":[{"name":"wp","href":"https:\/\/api.w.org\/{rel}","templated":true}]}}