{"id":36433,"date":"2025-11-25T23:31:54","date_gmt":"2025-11-25T22:31:54","guid":{"rendered":"https:\/\/www.hirtenberg-apotheke.at\/katalog\/produkt\/la-roche-posay-anthelios-xl-fluid-50-42-50-ml\/"},"modified":"2025-11-25T23:32:17","modified_gmt":"2025-11-25T22:32:17","slug":"la-roche-posay-anthelios-xl-fluid-50-42-50-ml","status":"publish","type":"product","link":"https:\/\/www.hirtenberg-apotheke.at\/katalog\/produkt\/la-roche-posay-anthelios-xl-fluid-50-42-50-ml\/","title":{"rendered":"La Roche-Posay Anthelios XL Fluid 50+\/42 50 ml"},"content":{"rendered":"<p>La Roche-Posay Anthelios XL Fluid 50+ eignet sich ideal bei fettiger oder zu Unreinheiten neigender Haut. Es ist auch ideal f\u00fcr M\u00e4nner und behaarte K\u00f6rperstellen und zum Schutz der Kopfhaut bei lichtem Haar geeignet. Das Fluid bietet einen h\u00f6heren UVA-Schutz als die Mindestempfehlung der EU. Zus\u00e4tzlich enth\u00e4lt es noch hautberuhigendes Thermalwasser.<\/p>\n","protected":false},"excerpt":{"rendered":"<p>La Roche-Posay Anthelios XL Fluid 50+ eignet sich ideal bei fettiger oder zu Unreinheiten neigender Haut. Es ist auch ideal f\u00fcr M\u00e4nner und behaarte K\u00f6rperstellen und zum Schutz der Kopfhaut bei lichtem Haar geeignet. Das Fluid bietet einen h\u00f6heren UVA-Schutz als die Mindestempfehlung der EU. Zus\u00e4tzlich enth\u00e4lt es noch hautberuhigendes Thermalwasser.<\/p>\n","protected":false},"featured_media":36435,"template":"","meta":{"_acf_changed":false},"product_brand":[692],"product_cat":[317],"product_tag":[],"class_list":{"0":"post-36433","1":"product","2":"type-product","3":"status-publish","4":"has-post-thumbnail","6":"product_brand-la-roche-posay","7":"product_cat-l","8":"pa_packungsgroesse-50ml","10":"first","11":"instock","12":"shipping-taxable","13":"purchasable","14":"product-type-simple"},"acf":[],"_links":{"self":[{"href":"https:\/\/www.hirtenberg-apotheke.at\/katalog\/wp-json\/wp\/v2\/product\/36433","targetHints":{"allow":["GET"]}}],"collection":[{"href":"https:\/\/www.hirtenberg-apotheke.at\/katalog\/wp-json\/wp\/v2\/product"}],"about":[{"href":"https:\/\/www.hirtenberg-apotheke.at\/katalog\/wp-json\/wp\/v2\/types\/product"}],"wp:featuredmedia":[{"embeddable":true,"href":"https:\/\/www.hirtenberg-apotheke.at\/katalog\/wp-json\/wp\/v2\/media\/36435"}],"wp:attachment":[{"href":"https:\/\/www.hirtenberg-apotheke.at\/katalog\/wp-json\/wp\/v2\/media?parent=36433"}],"wp:term":[{"taxonomy":"product_brand","embeddable":true,"href":"https:\/\/www.hirtenberg-apotheke.at\/katalog\/wp-json\/wp\/v2\/product_brand?post=36433"},{"taxonomy":"product_cat","embeddable":true,"href":"https:\/\/www.hirtenberg-apotheke.at\/katalog\/wp-json\/wp\/v2\/product_cat?post=36433"},{"taxonomy":"product_tag","embeddable":true,"href":"https:\/\/www.hirtenberg-apotheke.at\/katalog\/wp-json\/wp\/v2\/product_tag?post=36433"}],"curies":[{"name":"wp","href":"https:\/\/api.w.org\/{rel}","templated":true}]}}