{"id":36441,"date":"2025-11-25T23:31:54","date_gmt":"2025-11-25T22:31:54","guid":{"rendered":"https:\/\/www.hirtenberg-apotheke.at\/katalog\/produkt\/la-roche-posay-anthelios-xl-stick-lsf-50-9-g\/"},"modified":"2025-11-25T23:32:24","modified_gmt":"2025-11-25T22:32:24","slug":"la-roche-posay-anthelios-xl-stick-lsf-50-9-g","status":"publish","type":"product","link":"https:\/\/www.hirtenberg-apotheke.at\/katalog\/produkt\/la-roche-posay-anthelios-xl-stick-lsf-50-9-g\/","title":{"rendered":"La Roche-Posay Anthelios XL Stick LSF 50+ 9 g"},"content":{"rendered":"<p>La Roche-Posay Anthelios XL LSF 50+ Stick eignet sich zur Anwendung bei empfindlichen und besonders exponierten Hautpartien. Ideal f\u00fcr den Sonnenschutz bei kalten Temperaturen. Der praktische Stick f\u00fcr exponierte Hautstellen mit dem exklusiven, photostabilen Filtersystem bietet einen h\u00f6heren UVA-Schutz als die Mindestempfehlung der EU. Zus\u00e4tzlich enth\u00e4lt er noch hautberuhigendes Thermalwasser.<\/p>\n","protected":false},"excerpt":{"rendered":"<p>La Roche-Posay Anthelios XL LSF 50+ Stick eignet sich zur Anwendung bei empfindlichen und besonders exponierten Hautpartien. Ideal f\u00fcr den Sonnenschutz bei kalten Temperaturen. Der praktische Stick f\u00fcr exponierte Hautstellen mit dem exklusiven, photostabilen Filtersystem bietet einen h\u00f6heren UVA-Schutz als die Mindestempfehlung der EU. Zus\u00e4tzlich enth\u00e4lt er noch hautberuhigendes Thermalwasser.<\/p>\n","protected":false},"featured_media":0,"template":"","meta":{"_acf_changed":false},"product_brand":[692],"product_cat":[317],"product_tag":[],"class_list":{"0":"post-36441","1":"product","2":"type-product","3":"status-publish","5":"product_brand-la-roche-posay","6":"product_cat-l","7":"pa_packungsgroesse-1-stueck","9":"first","10":"instock","11":"shipping-taxable","12":"purchasable","13":"product-type-simple"},"acf":[],"_links":{"self":[{"href":"https:\/\/www.hirtenberg-apotheke.at\/katalog\/wp-json\/wp\/v2\/product\/36441","targetHints":{"allow":["GET"]}}],"collection":[{"href":"https:\/\/www.hirtenberg-apotheke.at\/katalog\/wp-json\/wp\/v2\/product"}],"about":[{"href":"https:\/\/www.hirtenberg-apotheke.at\/katalog\/wp-json\/wp\/v2\/types\/product"}],"wp:attachment":[{"href":"https:\/\/www.hirtenberg-apotheke.at\/katalog\/wp-json\/wp\/v2\/media?parent=36441"}],"wp:term":[{"taxonomy":"product_brand","embeddable":true,"href":"https:\/\/www.hirtenberg-apotheke.at\/katalog\/wp-json\/wp\/v2\/product_brand?post=36441"},{"taxonomy":"product_cat","embeddable":true,"href":"https:\/\/www.hirtenberg-apotheke.at\/katalog\/wp-json\/wp\/v2\/product_cat?post=36441"},{"taxonomy":"product_tag","embeddable":true,"href":"https:\/\/www.hirtenberg-apotheke.at\/katalog\/wp-json\/wp\/v2\/product_tag?post=36441"}],"curies":[{"name":"wp","href":"https:\/\/api.w.org\/{rel}","templated":true}]}}