{"id":36450,"date":"2025-11-25T23:32:26","date_gmt":"2025-11-25T22:32:26","guid":{"rendered":"https:\/\/www.hirtenberg-apotheke.at\/katalog\/produkt\/la-roche-posay-anthelios-dermo-kids-baby-milch-lsf-50\/"},"modified":"2025-11-25T23:32:38","modified_gmt":"2025-11-25T22:32:38","slug":"la-roche-posay-anthelios-dermo-kids-baby-milch-lsf-50","status":"publish","type":"product","link":"https:\/\/www.hirtenberg-apotheke.at\/katalog\/produkt\/la-roche-posay-anthelios-dermo-kids-baby-milch-lsf-50\/","title":{"rendered":"La Roche-Posay Anthelios Dermo-Kids Baby Milch LSF 50+"},"content":{"rendered":"<p>La Roche-Posay Anthelios Dermo-Kids LSF 50+ Baby Milch ist speziell f\u00fcr die empfindliche Babyhaut entwickelt. Die Baby Milch mit der innovativen Filter-Technologie Mexoplex bietet einen h\u00f6heren UVA-Schutz als die Mindestempfehlung der EU. Zus\u00e4tzlich enth\u00e4lt die Milch noch hautberuhigendes Thermalwasser.<\/p>\n","protected":false},"excerpt":{"rendered":"<p>La Roche-Posay Anthelios Dermo-Kids LSF 50+ Baby Milch ist speziell f\u00fcr die empfindliche Babyhaut entwickelt. Die Baby Milch mit der innovativen Filter-Technologie Mexoplex bietet einen h\u00f6heren UVA-Schutz als die Mindestempfehlung der EU. Zus\u00e4tzlich enth\u00e4lt die Milch noch hautberuhigendes Thermalwasser.<\/p>\n","protected":false},"featured_media":36452,"template":"","meta":{"_acf_changed":false},"product_brand":[692],"product_cat":[317],"product_tag":[],"class_list":{"0":"post-36450","1":"product","2":"type-product","3":"status-publish","4":"has-post-thumbnail","6":"product_brand-la-roche-posay","7":"product_cat-l","8":"pa_packungsgroesse-50ml","10":"first","11":"instock","12":"shipping-taxable","13":"purchasable","14":"product-type-simple"},"acf":[],"_links":{"self":[{"href":"https:\/\/www.hirtenberg-apotheke.at\/katalog\/wp-json\/wp\/v2\/product\/36450","targetHints":{"allow":["GET"]}}],"collection":[{"href":"https:\/\/www.hirtenberg-apotheke.at\/katalog\/wp-json\/wp\/v2\/product"}],"about":[{"href":"https:\/\/www.hirtenberg-apotheke.at\/katalog\/wp-json\/wp\/v2\/types\/product"}],"wp:featuredmedia":[{"embeddable":true,"href":"https:\/\/www.hirtenberg-apotheke.at\/katalog\/wp-json\/wp\/v2\/media\/36452"}],"wp:attachment":[{"href":"https:\/\/www.hirtenberg-apotheke.at\/katalog\/wp-json\/wp\/v2\/media?parent=36450"}],"wp:term":[{"taxonomy":"product_brand","embeddable":true,"href":"https:\/\/www.hirtenberg-apotheke.at\/katalog\/wp-json\/wp\/v2\/product_brand?post=36450"},{"taxonomy":"product_cat","embeddable":true,"href":"https:\/\/www.hirtenberg-apotheke.at\/katalog\/wp-json\/wp\/v2\/product_cat?post=36450"},{"taxonomy":"product_tag","embeddable":true,"href":"https:\/\/www.hirtenberg-apotheke.at\/katalog\/wp-json\/wp\/v2\/product_tag?post=36450"}],"curies":[{"name":"wp","href":"https:\/\/api.w.org\/{rel}","templated":true}]}}